{"id":4215,"date":"2020-08-13T16:36:05","date_gmt":"2020-08-13T19:36:05","guid":{"rendered":"https:\/\/paraferro.com.br\/loja\/?post_type=product&#038;p=4215"},"modified":"2025-07-21T10:09:32","modified_gmt":"2025-07-21T13:09:32","slug":"mangueira-incendio","status":"publish","type":"product","link":"https:\/\/paraferro.com.br\/loja\/produto\/mangueira-incendio\/","title":{"rendered":"MANGUEIRA DE INC\u00caNDIO"},"content":{"rendered":"<p class=\"\" data-start=\"148\" data-end=\"482\"><span class=\"OYPEnA font-feature-liga-off font-feature-clig-off font-feature-calt-off text-decoration-none text-strikethrough-none\">A mangueira de inc\u00eandio \u00e9 usada para transportar \u00e1gua com press\u00e3o at\u00e9 o local do fogo. Feita em lona com revestimento interno, \u00e9 resistente e dispon\u00edvel em v\u00e1rios tamanhos. \u00c9 essencial para o combate r\u00e1pido e seguro a inc\u00eandios em pr\u00e9dios, ind\u00fastrias e \u00e1reas p\u00fablicas.<\/span><\/p>\n","protected":false},"excerpt":{"rendered":"<p>A mangueira de inc\u00eandio \u00e9 usada para transportar \u00e1gua com press\u00e3o at\u00e9 o local do fogo. Feita em lona com revestimento interno, \u00e9 resistente e dispon\u00edvel em v\u00e1rios tamanhos. \u00c9 essencial para o combate r\u00e1pido e seguro a inc\u00eandios em pr\u00e9dios, ind\u00fastrias e \u00e1reas p\u00fablicas.<\/p>\n","protected":false},"featured_media":16626,"template":"","meta":{"_joinchat":[]},"product_brand":[],"product_cat":[95,268],"product_tag":[],"class_list":{"0":"post-4215","1":"product","2":"type-product","3":"status-publish","4":"has-post-thumbnail","6":"product_cat-mangueira","7":"product_cat-rede-de-incendio","9":"first","10":"instock","11":"shipping-taxable","12":"purchasable","13":"product-type-variable"},"_links":{"self":[{"href":"https:\/\/paraferro.com.br\/loja\/wp-json\/wp\/v2\/product\/4215","targetHints":{"allow":["GET"]}}],"collection":[{"href":"https:\/\/paraferro.com.br\/loja\/wp-json\/wp\/v2\/product"}],"about":[{"href":"https:\/\/paraferro.com.br\/loja\/wp-json\/wp\/v2\/types\/product"}],"wp:featuredmedia":[{"embeddable":true,"href":"https:\/\/paraferro.com.br\/loja\/wp-json\/wp\/v2\/media\/16626"}],"wp:attachment":[{"href":"https:\/\/paraferro.com.br\/loja\/wp-json\/wp\/v2\/media?parent=4215"}],"wp:term":[{"taxonomy":"product_brand","embeddable":true,"href":"https:\/\/paraferro.com.br\/loja\/wp-json\/wp\/v2\/product_brand?post=4215"},{"taxonomy":"product_cat","embeddable":true,"href":"https:\/\/paraferro.com.br\/loja\/wp-json\/wp\/v2\/product_cat?post=4215"},{"taxonomy":"product_tag","embeddable":true,"href":"https:\/\/paraferro.com.br\/loja\/wp-json\/wp\/v2\/product_tag?post=4215"}],"curies":[{"name":"wp","href":"https:\/\/api.w.org\/{rel}","templated":true}]}}