{"id":4170,"date":"2020-08-03T09:04:22","date_gmt":"2020-08-03T12:04:22","guid":{"rendered":"https:\/\/paraferro.com.br\/loja\/?post_type=product&#038;p=4170"},"modified":"2025-06-05T09:53:21","modified_gmt":"2025-06-05T12:53:21","slug":"base-trelifacil","status":"publish","type":"product","link":"https:\/\/paraferro.com.br\/loja\/produto\/base-trelifacil\/","title":{"rendered":"Base Trelif\u00e1cil"},"content":{"rendered":"<p><span class=\"OYPEnA font-feature-liga-off font-feature-clig-off font-feature-calt-off text-decoration-none text-strikethrough-none\">A Base Trelif\u00e1cil agiliza a montagem de lajes treli\u00e7adas, proporcionando seguran\u00e7a, economia e efici\u00eancia. Com f\u00e1cil instala\u00e7\u00e3o, maior estabilidade e redu\u00e7\u00e3o de m\u00e3o de obra, \u00e9 ideal para obras que demandam rapidez e qualidade.<\/span><\/p>\n<p><strong>Medidas:<\/strong><\/p>\n<div>\n<table style=\"height: 174px;\" width=\"615\">\n<tbody>\n<tr>\n<td>\n<div>\n<p style=\"text-align: center;\"><strong>Tamanho<\/strong><\/p>\n<\/div>\n<\/td>\n<\/tr>\n<tr>\n<td>\n<div>\n<p style=\"text-align: center;\">6 MT<\/p>\n<\/div>\n<\/td>\n<\/tr>\n<tr>\n<td>\n<div>\n<p style=\"text-align: center;\">11 MT<\/p>\n<\/div>\n<\/td>\n<\/tr>\n<\/tbody>\n<\/table>\n<\/div>\n<p>&nbsp;<\/p>\n","protected":false},"excerpt":{"rendered":"<p>A Base Trelif\u00e1cil agiliza a montagem de lajes treli\u00e7adas, proporcionando seguran\u00e7a, economia e efici\u00eancia. Com f\u00e1cil instala\u00e7\u00e3o, maior estabilidade e redu\u00e7\u00e3o de m\u00e3o de obra, \u00e9 ideal para obras que demandam rapidez e qualidade. Medidas: Tamanho 6 MT 11 MT &nbsp;<\/p>\n","protected":false},"featured_media":4171,"template":"","meta":{"_joinchat":[]},"product_brand":[],"product_cat":[23,45],"product_tag":[],"class_list":{"0":"post-4170","1":"product","2":"type-product","3":"status-publish","4":"has-post-thumbnail","6":"product_cat-construcao-civil","7":"product_cat-trelica","9":"first","10":"instock","11":"shipping-taxable","12":"purchasable","13":"product-type-variable"},"_links":{"self":[{"href":"https:\/\/paraferro.com.br\/loja\/wp-json\/wp\/v2\/product\/4170","targetHints":{"allow":["GET"]}}],"collection":[{"href":"https:\/\/paraferro.com.br\/loja\/wp-json\/wp\/v2\/product"}],"about":[{"href":"https:\/\/paraferro.com.br\/loja\/wp-json\/wp\/v2\/types\/product"}],"wp:featuredmedia":[{"embeddable":true,"href":"https:\/\/paraferro.com.br\/loja\/wp-json\/wp\/v2\/media\/4171"}],"wp:attachment":[{"href":"https:\/\/paraferro.com.br\/loja\/wp-json\/wp\/v2\/media?parent=4170"}],"wp:term":[{"taxonomy":"product_brand","embeddable":true,"href":"https:\/\/paraferro.com.br\/loja\/wp-json\/wp\/v2\/product_brand?post=4170"},{"taxonomy":"product_cat","embeddable":true,"href":"https:\/\/paraferro.com.br\/loja\/wp-json\/wp\/v2\/product_cat?post=4170"},{"taxonomy":"product_tag","embeddable":true,"href":"https:\/\/paraferro.com.br\/loja\/wp-json\/wp\/v2\/product_tag?post=4170"}],"curies":[{"name":"wp","href":"https:\/\/api.w.org\/{rel}","templated":true}]}}