{"id":4151,"date":"2020-07-27T10:22:08","date_gmt":"2020-07-27T13:22:08","guid":{"rendered":"https:\/\/paraferro.com.br\/loja\/?post_type=product&#038;p=4151"},"modified":"2025-06-09T11:58:48","modified_gmt":"2025-06-09T14:58:48","slug":"niple-duplo-galvanizado","status":"publish","type":"product","link":"https:\/\/paraferro.com.br\/loja\/produto\/niple-duplo-galvanizado\/","title":{"rendered":"NIPLE DUPLO GALVANIZADO"},"content":{"rendered":"<p><span class=\"OYPEnA font-feature-liga-off font-feature-clig-off font-feature-calt-off text-decoration-none text-strikethrough-none\">O niple \u00e9 um acess\u00f3rio utilizado para conectar dois tubos ou conex\u00f5es, em geral por meio de rosca nas extremidades. Ele \u00e9 essencial em sistemas que exigem prolongamento da tubula\u00e7\u00e3o ou liga\u00e7\u00e3o entre diferentes pontos.<\/span><\/p>\n","protected":false},"excerpt":{"rendered":"<p>O niple \u00e9 um acess\u00f3rio utilizado para conectar dois tubos ou conex\u00f5es, em geral por meio de rosca nas extremidades. Ele \u00e9 essencial em sistemas que exigem prolongamento da tubula\u00e7\u00e3o ou liga\u00e7\u00e3o entre diferentes pontos.<\/p>\n","protected":false},"featured_media":16226,"template":"","meta":{"_joinchat":[]},"product_brand":[],"product_cat":[83],"product_tag":[],"class_list":{"0":"post-4151","1":"product","2":"type-product","3":"status-publish","4":"has-post-thumbnail","6":"product_cat-niple-duplo","8":"first","9":"instock","10":"shipping-taxable","11":"purchasable","12":"product-type-variable"},"_links":{"self":[{"href":"https:\/\/paraferro.com.br\/loja\/wp-json\/wp\/v2\/product\/4151","targetHints":{"allow":["GET"]}}],"collection":[{"href":"https:\/\/paraferro.com.br\/loja\/wp-json\/wp\/v2\/product"}],"about":[{"href":"https:\/\/paraferro.com.br\/loja\/wp-json\/wp\/v2\/types\/product"}],"wp:featuredmedia":[{"embeddable":true,"href":"https:\/\/paraferro.com.br\/loja\/wp-json\/wp\/v2\/media\/16226"}],"wp:attachment":[{"href":"https:\/\/paraferro.com.br\/loja\/wp-json\/wp\/v2\/media?parent=4151"}],"wp:term":[{"taxonomy":"product_brand","embeddable":true,"href":"https:\/\/paraferro.com.br\/loja\/wp-json\/wp\/v2\/product_brand?post=4151"},{"taxonomy":"product_cat","embeddable":true,"href":"https:\/\/paraferro.com.br\/loja\/wp-json\/wp\/v2\/product_cat?post=4151"},{"taxonomy":"product_tag","embeddable":true,"href":"https:\/\/paraferro.com.br\/loja\/wp-json\/wp\/v2\/product_tag?post=4151"}],"curies":[{"name":"wp","href":"https:\/\/api.w.org\/{rel}","templated":true}]}}