{"id":4138,"date":"2020-07-22T15:26:33","date_gmt":"2020-07-22T18:26:33","guid":{"rendered":"https:\/\/paraferro.com.br\/loja\/?post_type=product&#038;p=4138"},"modified":"2025-07-21T11:18:41","modified_gmt":"2025-07-21T14:18:41","slug":"valvula-para-hidrante","status":"publish","type":"product","link":"https:\/\/paraferro.com.br\/loja\/produto\/valvula-para-hidrante\/","title":{"rendered":"V\u00e1lvula para Hidrante"},"content":{"rendered":"<p><span class=\"OYPEnA font-feature-liga-off font-feature-clig-off font-feature-calt-off text-decoration-none text-strikethrough-none\">A v\u00e1lvula para hidrante controla a sa\u00edda de \u00e1gua do sistema de inc\u00eandio para a mangueira. Fabricada em materiais resistentes, permite abertura r\u00e1pida e segura em emerg\u00eancias. \u00c9 essencial para o funcionamento eficaz dos hidrantes, tanto de parede quanto de coluna.<\/span><\/p>\n","protected":false},"excerpt":{"rendered":"<p>A v\u00e1lvula para hidrante controla a sa\u00edda de \u00e1gua do sistema de inc\u00eandio para a mangueira. Fabricada em materiais resistentes, permite abertura r\u00e1pida e segura em emerg\u00eancias. \u00c9 essencial para o funcionamento eficaz dos hidrantes, tanto de parede quanto de coluna.<\/p>\n","protected":false},"featured_media":16675,"template":"","meta":{"_joinchat":[]},"product_brand":[],"product_cat":[268,85],"product_tag":[],"class_list":{"0":"post-4138","1":"product","2":"type-product","3":"status-publish","4":"has-post-thumbnail","6":"product_cat-rede-de-incendio","7":"product_cat-valvula","9":"first","10":"instock","11":"shipping-taxable","12":"purchasable","13":"product-type-variable"},"_links":{"self":[{"href":"https:\/\/paraferro.com.br\/loja\/wp-json\/wp\/v2\/product\/4138","targetHints":{"allow":["GET"]}}],"collection":[{"href":"https:\/\/paraferro.com.br\/loja\/wp-json\/wp\/v2\/product"}],"about":[{"href":"https:\/\/paraferro.com.br\/loja\/wp-json\/wp\/v2\/types\/product"}],"wp:featuredmedia":[{"embeddable":true,"href":"https:\/\/paraferro.com.br\/loja\/wp-json\/wp\/v2\/media\/16675"}],"wp:attachment":[{"href":"https:\/\/paraferro.com.br\/loja\/wp-json\/wp\/v2\/media?parent=4138"}],"wp:term":[{"taxonomy":"product_brand","embeddable":true,"href":"https:\/\/paraferro.com.br\/loja\/wp-json\/wp\/v2\/product_brand?post=4138"},{"taxonomy":"product_cat","embeddable":true,"href":"https:\/\/paraferro.com.br\/loja\/wp-json\/wp\/v2\/product_cat?post=4138"},{"taxonomy":"product_tag","embeddable":true,"href":"https:\/\/paraferro.com.br\/loja\/wp-json\/wp\/v2\/product_tag?post=4138"}],"curies":[{"name":"wp","href":"https:\/\/api.w.org\/{rel}","templated":true}]}}