{"id":3795,"date":"2019-09-03T16:34:43","date_gmt":"2019-09-03T19:34:43","guid":{"rendered":"http:\/\/paraferro.com.br\/loja\/?post_type=product&#038;p=3795"},"modified":"2025-06-09T13:57:38","modified_gmt":"2025-06-09T16:57:38","slug":"chapa-acm","status":"publish","type":"product","link":"https:\/\/paraferro.com.br\/loja\/produto\/chapa-acm\/","title":{"rendered":"CHAPA ACM"},"content":{"rendered":"<p><span class=\"OYPEnA font-feature-liga-off font-feature-clig-off font-feature-calt-off text-decoration-none text-strikethrough-none\">Chapa de alum\u00ednio composto ou placa de ACM. \u00c9 vers\u00e1til e extremamente r\u00edgido. Ideal para fachadas, mold\u00e1vel para placas e bandejas, letras caixas e pain\u00e9is internos, o ACM tem grande uso na comunica\u00e7\u00e3o visual.<\/span><\/p>\n","protected":false},"excerpt":{"rendered":"<p>Chapa de alum\u00ednio composto ou placa de ACM. \u00c9 vers\u00e1til e extremamente r\u00edgido. Ideal para fachadas, mold\u00e1vel para placas e bandejas, letras caixas e pain\u00e9is internos, o ACM tem grande uso na comunica\u00e7\u00e3o visual.<\/p>\n","protected":false},"featured_media":14268,"template":"","meta":{"_joinchat":[]},"product_brand":[],"product_cat":[118],"product_tag":[],"class_list":{"0":"post-3795","1":"product","2":"type-product","3":"status-publish","4":"has-post-thumbnail","6":"product_cat-chapa-acm","8":"first","9":"instock","10":"shipping-taxable","11":"purchasable","12":"product-type-variable","13":"has-default-attributes"},"_links":{"self":[{"href":"https:\/\/paraferro.com.br\/loja\/wp-json\/wp\/v2\/product\/3795","targetHints":{"allow":["GET"]}}],"collection":[{"href":"https:\/\/paraferro.com.br\/loja\/wp-json\/wp\/v2\/product"}],"about":[{"href":"https:\/\/paraferro.com.br\/loja\/wp-json\/wp\/v2\/types\/product"}],"wp:featuredmedia":[{"embeddable":true,"href":"https:\/\/paraferro.com.br\/loja\/wp-json\/wp\/v2\/media\/14268"}],"wp:attachment":[{"href":"https:\/\/paraferro.com.br\/loja\/wp-json\/wp\/v2\/media?parent=3795"}],"wp:term":[{"taxonomy":"product_brand","embeddable":true,"href":"https:\/\/paraferro.com.br\/loja\/wp-json\/wp\/v2\/product_brand?post=3795"},{"taxonomy":"product_cat","embeddable":true,"href":"https:\/\/paraferro.com.br\/loja\/wp-json\/wp\/v2\/product_cat?post=3795"},{"taxonomy":"product_tag","embeddable":true,"href":"https:\/\/paraferro.com.br\/loja\/wp-json\/wp\/v2\/product_tag?post=3795"}],"curies":[{"name":"wp","href":"https:\/\/api.w.org\/{rel}","templated":true}]}}