{"id":3757,"date":"2019-09-03T15:55:31","date_gmt":"2019-09-03T18:55:31","guid":{"rendered":"http:\/\/paraferro.com.br\/loja\/?post_type=product&#038;p=3757"},"modified":"2025-07-28T10:30:26","modified_gmt":"2025-07-28T13:30:26","slug":"viga-u","status":"publish","type":"product","link":"https:\/\/paraferro.com.br\/loja\/produto\/viga-u\/","title":{"rendered":"VIGA U"},"content":{"rendered":"<p><span class=\"OYPEnA font-feature-liga-off font-feature-clig-off font-feature-calt-off text-decoration-none text-strikethrough-none\">Em embarca\u00e7\u00f5es, a viga U de a\u00e7o pode ser usada para a constru\u00e7\u00e3o de plataformas e refor\u00e7os estruturais, devido \u00e0 sua resist\u00eancia \u00e0 corros\u00e3o, especialmente quando galvanizada.<\/span><\/p>\n<p>&nbsp;<\/p>\n","protected":false},"excerpt":{"rendered":"<p>Em embarca\u00e7\u00f5es, a viga U de a\u00e7o pode ser usada para a constru\u00e7\u00e3o de plataformas e refor\u00e7os estruturais, devido \u00e0 sua resist\u00eancia \u00e0 corros\u00e3o, especialmente quando galvanizada. &nbsp;<\/p>\n","protected":false},"featured_media":14064,"template":"","meta":{"_joinchat":[]},"product_brand":[],"product_cat":[66],"product_tag":[],"class_list":{"0":"post-3757","1":"product","2":"type-product","3":"status-publish","4":"has-post-thumbnail","6":"product_cat-viga-u","8":"first","9":"instock","10":"shipping-taxable","11":"purchasable","12":"product-type-variable"},"_links":{"self":[{"href":"https:\/\/paraferro.com.br\/loja\/wp-json\/wp\/v2\/product\/3757","targetHints":{"allow":["GET"]}}],"collection":[{"href":"https:\/\/paraferro.com.br\/loja\/wp-json\/wp\/v2\/product"}],"about":[{"href":"https:\/\/paraferro.com.br\/loja\/wp-json\/wp\/v2\/types\/product"}],"wp:featuredmedia":[{"embeddable":true,"href":"https:\/\/paraferro.com.br\/loja\/wp-json\/wp\/v2\/media\/14064"}],"wp:attachment":[{"href":"https:\/\/paraferro.com.br\/loja\/wp-json\/wp\/v2\/media?parent=3757"}],"wp:term":[{"taxonomy":"product_brand","embeddable":true,"href":"https:\/\/paraferro.com.br\/loja\/wp-json\/wp\/v2\/product_brand?post=3757"},{"taxonomy":"product_cat","embeddable":true,"href":"https:\/\/paraferro.com.br\/loja\/wp-json\/wp\/v2\/product_cat?post=3757"},{"taxonomy":"product_tag","embeddable":true,"href":"https:\/\/paraferro.com.br\/loja\/wp-json\/wp\/v2\/product_tag?post=3757"}],"curies":[{"name":"wp","href":"https:\/\/api.w.org\/{rel}","templated":true}]}}