{"id":3756,"date":"2019-09-03T15:52:04","date_gmt":"2019-09-03T18:52:04","guid":{"rendered":"http:\/\/paraferro.com.br\/loja\/?post_type=product&#038;p=3756"},"modified":"2025-07-28T10:36:30","modified_gmt":"2025-07-28T13:36:30","slug":"viga-i-laminada-4-1a-alma-483mm","status":"publish","type":"product","link":"https:\/\/paraferro.com.br\/loja\/produto\/viga-i-laminada-4-1a-alma-483mm\/","title":{"rendered":"VIGA I"},"content":{"rendered":"<p>As vigas I s\u00e3o utilizadas em v\u00e1rias aplica\u00e7\u00f5es estruturais, incluindo suportes para decks, compartimentos de carga e outras \u00e1reas que exigem resist\u00eancia e durabilidade.<\/p>\n","protected":false},"excerpt":{"rendered":"<p>As vigas I s\u00e3o utilizadas em v\u00e1rias aplica\u00e7\u00f5es estruturais,<br \/>\nincluindo suportes para decks, compartimentos de carga e<br \/>\noutras \u00e1reas que exigem resist\u00eancia e durabilidade.<\/p>\n","protected":false},"featured_media":14061,"template":"","meta":{"_joinchat":[]},"product_brand":[],"product_cat":[65],"product_tag":[],"class_list":{"0":"post-3756","1":"product","2":"type-product","3":"status-publish","4":"has-post-thumbnail","6":"product_cat-viga-i","8":"first","9":"instock","10":"shipping-taxable","11":"purchasable","12":"product-type-variable"},"_links":{"self":[{"href":"https:\/\/paraferro.com.br\/loja\/wp-json\/wp\/v2\/product\/3756","targetHints":{"allow":["GET"]}}],"collection":[{"href":"https:\/\/paraferro.com.br\/loja\/wp-json\/wp\/v2\/product"}],"about":[{"href":"https:\/\/paraferro.com.br\/loja\/wp-json\/wp\/v2\/types\/product"}],"wp:featuredmedia":[{"embeddable":true,"href":"https:\/\/paraferro.com.br\/loja\/wp-json\/wp\/v2\/media\/14061"}],"wp:attachment":[{"href":"https:\/\/paraferro.com.br\/loja\/wp-json\/wp\/v2\/media?parent=3756"}],"wp:term":[{"taxonomy":"product_brand","embeddable":true,"href":"https:\/\/paraferro.com.br\/loja\/wp-json\/wp\/v2\/product_brand?post=3756"},{"taxonomy":"product_cat","embeddable":true,"href":"https:\/\/paraferro.com.br\/loja\/wp-json\/wp\/v2\/product_cat?post=3756"},{"taxonomy":"product_tag","embeddable":true,"href":"https:\/\/paraferro.com.br\/loja\/wp-json\/wp\/v2\/product_tag?post=3756"}],"curies":[{"name":"wp","href":"https:\/\/api.w.org\/{rel}","templated":true}]}}