{"id":3440,"date":"2019-08-27T17:56:16","date_gmt":"2019-08-27T20:56:16","guid":{"rendered":"http:\/\/paraferro.com.br\/loja\/produto\/abrigo-de-mang-p-incendio-90x60x30-sobrepor\/"},"modified":"2025-07-21T09:18:30","modified_gmt":"2025-07-21T12:18:30","slug":"abrigo-de-mangueira-incendio","status":"publish","type":"product","link":"https:\/\/paraferro.com.br\/loja\/produto\/abrigo-de-mangueira-incendio\/","title":{"rendered":"ABRIGO DE MANGUEIRA P\/INC\u00caNDIO"},"content":{"rendered":"<p class=\"\" data-start=\"206\" data-end=\"510\"><span class=\"OYPEnA font-feature-liga-off font-feature-clig-off font-feature-calt-off text-decoration-none text-strikethrough-none\">O abrigo para rede de inc\u00eandio \u00e9 uma caixa met\u00e1lica usada para proteger e organizar equipamentos como mangueiras, esguichos e registros. Fabricado em a\u00e7o com visor frontal, garante acesso r\u00e1pido em emerg\u00eancias e atende \u00e0s normas de seguran\u00e7a. \u00c9 resistente, dur\u00e1vel e essencial em edifica\u00e7\u00f5es, ind\u00fastrias e com\u00e9rcios.<\/span><\/p>\n","protected":false},"excerpt":{"rendered":"<p>O abrigo para rede de inc\u00eandio \u00e9 uma caixa met\u00e1lica usada para proteger e organizar equipamentos como mangueiras, esguichos e registros. Fabricado em a\u00e7o com visor frontal, garante acesso r\u00e1pido em emerg\u00eancias e atende \u00e0s normas de seguran\u00e7a. \u00c9 resistente, dur\u00e1vel e essencial em edifica\u00e7\u00f5es, ind\u00fastrias e com\u00e9rcios.<\/p>\n","protected":false},"featured_media":16615,"template":"","meta":{"_joinchat":[]},"product_brand":[],"product_cat":[221,268],"product_tag":[],"class_list":{"0":"post-3440","1":"product","2":"type-product","3":"status-publish","4":"has-post-thumbnail","6":"product_cat-abrigo","7":"product_cat-rede-de-incendio","9":"first","10":"instock","11":"shipping-taxable","12":"purchasable","13":"product-type-variable"},"_links":{"self":[{"href":"https:\/\/paraferro.com.br\/loja\/wp-json\/wp\/v2\/product\/3440","targetHints":{"allow":["GET"]}}],"collection":[{"href":"https:\/\/paraferro.com.br\/loja\/wp-json\/wp\/v2\/product"}],"about":[{"href":"https:\/\/paraferro.com.br\/loja\/wp-json\/wp\/v2\/types\/product"}],"wp:featuredmedia":[{"embeddable":true,"href":"https:\/\/paraferro.com.br\/loja\/wp-json\/wp\/v2\/media\/16615"}],"wp:attachment":[{"href":"https:\/\/paraferro.com.br\/loja\/wp-json\/wp\/v2\/media?parent=3440"}],"wp:term":[{"taxonomy":"product_brand","embeddable":true,"href":"https:\/\/paraferro.com.br\/loja\/wp-json\/wp\/v2\/product_brand?post=3440"},{"taxonomy":"product_cat","embeddable":true,"href":"https:\/\/paraferro.com.br\/loja\/wp-json\/wp\/v2\/product_cat?post=3440"},{"taxonomy":"product_tag","embeddable":true,"href":"https:\/\/paraferro.com.br\/loja\/wp-json\/wp\/v2\/product_tag?post=3440"}],"curies":[{"name":"wp","href":"https:\/\/api.w.org\/{rel}","templated":true}]}}