{"id":3439,"date":"2019-08-27T17:56:15","date_gmt":"2019-08-27T20:56:15","guid":{"rendered":"http:\/\/paraferro.com.br\/loja\/produto\/sprinkler-chuv-68oc-crom-verm-pend-5-6-1-215mm-c-canopla-2\/"},"modified":"2025-07-21T10:31:18","modified_gmt":"2025-07-21T13:31:18","slug":"sprinkler","status":"publish","type":"product","link":"https:\/\/paraferro.com.br\/loja\/produto\/sprinkler\/","title":{"rendered":"Sprinkler"},"content":{"rendered":"<p class=\"\" data-start=\"173\" data-end=\"485\"><span class=\"OYPEnA font-feature-liga-off font-feature-clig-off font-feature-calt-off text-decoration-none text-strikethrough-none\">O sprinkler \u00e9 um dispositivo autom\u00e1tico instalado no teto, que, ao detectar alta temperatura, libera \u00e1gua para controlar o inc\u00eandio de forma r\u00e1pida e localizada. Essencial em sistemas autom\u00e1ticos, reduz danos e auxilia na evacua\u00e7\u00e3o durante emerg\u00eancias.<\/span><\/p>\n","protected":false},"excerpt":{"rendered":"<p>O sprinkler \u00e9 um dispositivo autom\u00e1tico instalado no teto, que, ao detectar alta temperatura, libera \u00e1gua para controlar o inc\u00eandio de forma r\u00e1pida e localizada. Essencial em sistemas autom\u00e1ticos, reduz danos e auxilia na evacua\u00e7\u00e3o durante emerg\u00eancias.<\/p>\n","protected":false},"featured_media":16631,"template":"","meta":{"_joinchat":[]},"product_brand":[],"product_cat":[268,220,239],"product_tag":[],"class_list":{"0":"post-3439","1":"product","2":"type-product","3":"status-publish","4":"has-post-thumbnail","6":"product_cat-rede-de-incendio","7":"product_cat-sprinkler","8":"product_cat-sprinkler-tubos-e-conexoes-incendio","10":"first","11":"instock","12":"shipping-taxable","13":"purchasable","14":"product-type-variable"},"_links":{"self":[{"href":"https:\/\/paraferro.com.br\/loja\/wp-json\/wp\/v2\/product\/3439","targetHints":{"allow":["GET"]}}],"collection":[{"href":"https:\/\/paraferro.com.br\/loja\/wp-json\/wp\/v2\/product"}],"about":[{"href":"https:\/\/paraferro.com.br\/loja\/wp-json\/wp\/v2\/types\/product"}],"wp:featuredmedia":[{"embeddable":true,"href":"https:\/\/paraferro.com.br\/loja\/wp-json\/wp\/v2\/media\/16631"}],"wp:attachment":[{"href":"https:\/\/paraferro.com.br\/loja\/wp-json\/wp\/v2\/media?parent=3439"}],"wp:term":[{"taxonomy":"product_brand","embeddable":true,"href":"https:\/\/paraferro.com.br\/loja\/wp-json\/wp\/v2\/product_brand?post=3439"},{"taxonomy":"product_cat","embeddable":true,"href":"https:\/\/paraferro.com.br\/loja\/wp-json\/wp\/v2\/product_cat?post=3439"},{"taxonomy":"product_tag","embeddable":true,"href":"https:\/\/paraferro.com.br\/loja\/wp-json\/wp\/v2\/product_tag?post=3439"}],"curies":[{"name":"wp","href":"https:\/\/api.w.org\/{rel}","templated":true}]}}