{"id":3415,"date":"2019-08-27T17:56:11","date_gmt":"2019-08-27T20:56:11","guid":{"rendered":"http:\/\/paraferro.com.br\/loja\/produto\/tinta-galvanitex-p-chapa-e-tubo-galv-branco\/"},"modified":"2024-08-09T08:32:30","modified_gmt":"2024-08-09T11:32:30","slug":"tinta-galvanitex-p-chapa-e-tubo-galv-branco","status":"publish","type":"product","link":"https:\/\/paraferro.com.br\/loja\/produto\/tinta-galvanitex-p-chapa-e-tubo-galv-branco\/","title":{"rendered":"TINTA GALVANITEX &#8211; P\/CHAPA E TUBO GALV. BRANCO"},"content":{"rendered":"<p>Indicada como tinta de fundo para promover melhor ader\u00eancia sobre superf\u00edcies met\u00e1licas recobertas com zinco ou alum\u00ednio, o Primer Galvanitex garante prote\u00e7\u00e3o exata em calhas, rufos, condutores, chapas de alum\u00ednio onduladas ou lisas. De f\u00e1cil aplica\u00e7\u00e3o, bom rendimento e secagem r\u00e1pida, o produto promove ancoragem da tinta de acabamento. \u00c9 recomendado para quem deseja excelente prote\u00e7\u00e3o anticorrosiva e m\u00e1xima ader\u00eancia \u00e0 superf\u00edcie, j\u00e1 que sua formula conta com resinas alqu\u00eddicas modificadas, resinas acr\u00edlicas e aditivos especiais que garantem um resultado excepcional. Ambientes internos\u00a0e\u00a0externos.<\/p>\n","protected":false},"excerpt":{"rendered":"<p>Indicada como tinta de fundo para promover melhor ader\u00eancia sobre superf\u00edcies met\u00e1licas recobertas com zinco ou alum\u00ednio, o Primer Galvanitex garante prote\u00e7\u00e3o exata em calhas, rufos, condutores, chapas de alum\u00ednio onduladas ou lisas. De f\u00e1cil aplica\u00e7\u00e3o, bom rendimento e secagem r\u00e1pida, o produto promove ancoragem da tinta de acabamento. \u00c9 recomendado para quem deseja excelente prote\u00e7\u00e3o anticorrosiva e m\u00e1xima ader\u00eancia \u00e0 superf\u00edcie, j\u00e1 que sua formula conta com resinas alqu\u00eddicas modificadas, resinas acr\u00edlicas e aditivos especiais que garantem um resultado excepcional. Ambientes internos\u00a0e\u00a0externos.<\/p>\n","protected":false},"featured_media":12065,"template":"","meta":{"_joinchat":[]},"product_brand":[],"product_cat":[214],"product_tag":[],"class_list":{"0":"post-3415","1":"product","2":"type-product","3":"status-publish","4":"has-post-thumbnail","6":"product_cat-tintas","8":"first","9":"instock","10":"shipping-taxable","11":"purchasable","12":"product-type-simple"},"_links":{"self":[{"href":"https:\/\/paraferro.com.br\/loja\/wp-json\/wp\/v2\/product\/3415","targetHints":{"allow":["GET"]}}],"collection":[{"href":"https:\/\/paraferro.com.br\/loja\/wp-json\/wp\/v2\/product"}],"about":[{"href":"https:\/\/paraferro.com.br\/loja\/wp-json\/wp\/v2\/types\/product"}],"wp:featuredmedia":[{"embeddable":true,"href":"https:\/\/paraferro.com.br\/loja\/wp-json\/wp\/v2\/media\/12065"}],"wp:attachment":[{"href":"https:\/\/paraferro.com.br\/loja\/wp-json\/wp\/v2\/media?parent=3415"}],"wp:term":[{"taxonomy":"product_brand","embeddable":true,"href":"https:\/\/paraferro.com.br\/loja\/wp-json\/wp\/v2\/product_brand?post=3415"},{"taxonomy":"product_cat","embeddable":true,"href":"https:\/\/paraferro.com.br\/loja\/wp-json\/wp\/v2\/product_cat?post=3415"},{"taxonomy":"product_tag","embeddable":true,"href":"https:\/\/paraferro.com.br\/loja\/wp-json\/wp\/v2\/product_tag?post=3415"}],"curies":[{"name":"wp","href":"https:\/\/api.w.org\/{rel}","templated":true}]}}