{"id":3411,"date":"2019-08-27T17:56:11","date_gmt":"2019-08-27T20:56:11","guid":{"rendered":"http:\/\/paraferro.com.br\/loja\/produto\/suporte-p-extintor-l-cod-1558\/"},"modified":"2025-05-12T11:16:04","modified_gmt":"2025-05-12T14:16:04","slug":"suporte-p-extintor-l","status":"publish","type":"product","link":"https:\/\/paraferro.com.br\/loja\/produto\/suporte-p-extintor-l\/","title":{"rendered":"Suporte para Extintor (L) \u2013 Chapa de A\u00e7o"},"content":{"rendered":"<p class=\"\" data-start=\"177\" data-end=\"479\">O suporte tipo \u201cL\u201d \u00e9 ideal para fixa\u00e7\u00e3o de extintores em paredes, garantindo estabilidade e f\u00e1cil acesso em situa\u00e7\u00f5es de emerg\u00eancia. Fabricado em chapa de a\u00e7o, \u00e9 resistente, dur\u00e1vel e indicado para uso em ambientes comerciais, industriais ou residenciais que seguem normas de seguran\u00e7a contra inc\u00eandio.<\/p>\n<p class=\"\" data-start=\"177\" data-end=\"479\"><strong data-start=\"483\" data-end=\"543\">\u00a0Consultar medidas no momento da cota\u00e7\u00e3o via WhatsApp.<\/strong><\/p>\n","protected":false},"excerpt":{"rendered":"<p>O suporte tipo \u201cL\u201d \u00e9 ideal para fixa\u00e7\u00e3o de extintores em paredes, garantindo estabilidade e f\u00e1cil acesso em situa\u00e7\u00f5es de emerg\u00eancia. Fabricado em chapa de a\u00e7o, \u00e9 resistente, dur\u00e1vel e indicado para uso em ambientes comerciais, industriais ou residenciais que seguem normas de seguran\u00e7a contra inc\u00eandio. \u00a0Consultar medidas no momento da cota\u00e7\u00e3o via WhatsApp.<\/p>\n","protected":false},"featured_media":4911,"template":"","meta":{"_joinchat":[]},"product_brand":[],"product_cat":[268,210],"product_tag":[],"class_list":{"0":"post-3411","1":"product","2":"type-product","3":"status-publish","4":"has-post-thumbnail","6":"product_cat-rede-de-incendio","7":"product_cat-suporte","9":"first","10":"instock","11":"shipping-taxable","12":"purchasable","13":"product-type-simple"},"_links":{"self":[{"href":"https:\/\/paraferro.com.br\/loja\/wp-json\/wp\/v2\/product\/3411","targetHints":{"allow":["GET"]}}],"collection":[{"href":"https:\/\/paraferro.com.br\/loja\/wp-json\/wp\/v2\/product"}],"about":[{"href":"https:\/\/paraferro.com.br\/loja\/wp-json\/wp\/v2\/types\/product"}],"wp:featuredmedia":[{"embeddable":true,"href":"https:\/\/paraferro.com.br\/loja\/wp-json\/wp\/v2\/media\/4911"}],"wp:attachment":[{"href":"https:\/\/paraferro.com.br\/loja\/wp-json\/wp\/v2\/media?parent=3411"}],"wp:term":[{"taxonomy":"product_brand","embeddable":true,"href":"https:\/\/paraferro.com.br\/loja\/wp-json\/wp\/v2\/product_brand?post=3411"},{"taxonomy":"product_cat","embeddable":true,"href":"https:\/\/paraferro.com.br\/loja\/wp-json\/wp\/v2\/product_cat?post=3411"},{"taxonomy":"product_tag","embeddable":true,"href":"https:\/\/paraferro.com.br\/loja\/wp-json\/wp\/v2\/product_tag?post=3411"}],"curies":[{"name":"wp","href":"https:\/\/api.w.org\/{rel}","templated":true}]}}