{"id":3409,"date":"2019-08-27T17:56:11","date_gmt":"2019-08-27T20:56:11","guid":{"rendered":"http:\/\/paraferro.com.br\/loja\/produto\/suporte-p-extintor-ag-10l-c02-6k-po-12kchapa-de-aco-cod-17\/"},"modified":"2025-07-21T10:39:37","modified_gmt":"2025-07-21T13:39:37","slug":"suporte-p-extintor","status":"publish","type":"product","link":"https:\/\/paraferro.com.br\/loja\/produto\/suporte-p-extintor\/","title":{"rendered":"Suporte Para Extintor"},"content":{"rendered":"<p class=\"\" data-start=\"238\" data-end=\"556\"><span class=\"OYPEnA font-feature-liga-off font-feature-clig-off font-feature-calt-off text-decoration-none text-strikethrough-none\">O suporte para extintor fixa o equipamento na parede ou no ch\u00e3o, mantendo-o vis\u00edvel, seguro e acess\u00edvel em caso de emerg\u00eancia. Fabricado em material resistente, \u00e9 essencial para a organiza\u00e7\u00e3o e a efic\u00e1cia do sistema de preven\u00e7\u00e3o contra inc\u00eandios.<\/span><\/p>\n","protected":false},"excerpt":{"rendered":"<p>O suporte para extintor fixa o equipamento na parede ou no ch\u00e3o, mantendo-o vis\u00edvel, seguro e acess\u00edvel em caso de emerg\u00eancia. Fabricado em material resistente, \u00e9 essencial para a organiza\u00e7\u00e3o e a efic\u00e1cia do sistema de preven\u00e7\u00e3o contra inc\u00eandios.<\/p>\n","protected":false},"featured_media":16635,"template":"","meta":{"_joinchat":[]},"product_brand":[],"product_cat":[268,210],"product_tag":[],"class_list":{"0":"post-3409","1":"product","2":"type-product","3":"status-publish","4":"has-post-thumbnail","6":"product_cat-rede-de-incendio","7":"product_cat-suporte","9":"first","10":"instock","11":"shipping-taxable","12":"purchasable","13":"product-type-variable"},"_links":{"self":[{"href":"https:\/\/paraferro.com.br\/loja\/wp-json\/wp\/v2\/product\/3409","targetHints":{"allow":["GET"]}}],"collection":[{"href":"https:\/\/paraferro.com.br\/loja\/wp-json\/wp\/v2\/product"}],"about":[{"href":"https:\/\/paraferro.com.br\/loja\/wp-json\/wp\/v2\/types\/product"}],"wp:featuredmedia":[{"embeddable":true,"href":"https:\/\/paraferro.com.br\/loja\/wp-json\/wp\/v2\/media\/16635"}],"wp:attachment":[{"href":"https:\/\/paraferro.com.br\/loja\/wp-json\/wp\/v2\/media?parent=3409"}],"wp:term":[{"taxonomy":"product_brand","embeddable":true,"href":"https:\/\/paraferro.com.br\/loja\/wp-json\/wp\/v2\/product_brand?post=3409"},{"taxonomy":"product_cat","embeddable":true,"href":"https:\/\/paraferro.com.br\/loja\/wp-json\/wp\/v2\/product_cat?post=3409"},{"taxonomy":"product_tag","embeddable":true,"href":"https:\/\/paraferro.com.br\/loja\/wp-json\/wp\/v2\/product_tag?post=3409"}],"curies":[{"name":"wp","href":"https:\/\/api.w.org\/{rel}","templated":true}]}}