{"id":2924,"date":"2019-08-27T08:26:42","date_gmt":"2019-08-27T11:26:42","guid":{"rendered":"http:\/\/paraferro.com.br\/loja\/?post_type=product&#038;p=2924"},"modified":"2025-07-21T14:38:47","modified_gmt":"2025-07-21T17:38:47","slug":"chapa-articulada","status":"publish","type":"product","link":"https:\/\/paraferro.com.br\/loja\/produto\/chapa-articulada\/","title":{"rendered":"CHAPA ARTICULADA"},"content":{"rendered":"<p class=\"\" data-start=\"222\" data-end=\"524\"><span class=\"OYPEnA font-feature-liga-off font-feature-clig-off font-feature-calt-off text-decoration-none text-strikethrough-none\">Formada por tiras articuladas, a Chapa Articulada \u00e9 aplicada em portas de enrolar. Fabricada em a\u00e7o com articula\u00e7\u00e3o pr\u00f3pria e estrias verticais, ela \u00e9 segura e pr\u00e1tica.<\/span><\/p>\n","protected":false},"excerpt":{"rendered":"<p>Formada por tiras articuladas, a Chapa Articulada \u00e9 aplicada em portas de enrolar. Fabricada em a\u00e7o com articula\u00e7\u00e3o pr\u00f3pria e estrias verticais, ela \u00e9 segura e pr\u00e1tica.<\/p>\n","protected":false},"featured_media":16723,"template":"","meta":{"_joinchat":[]},"product_brand":[],"product_cat":[292,22],"product_tag":[],"class_list":{"0":"post-2924","1":"product","2":"type-product","3":"status-publish","4":"has-post-thumbnail","6":"product_cat-chapas","7":"product_cat-serralheria","9":"first","10":"instock","11":"shipping-taxable","12":"purchasable","13":"product-type-variable"},"_links":{"self":[{"href":"https:\/\/paraferro.com.br\/loja\/wp-json\/wp\/v2\/product\/2924","targetHints":{"allow":["GET"]}}],"collection":[{"href":"https:\/\/paraferro.com.br\/loja\/wp-json\/wp\/v2\/product"}],"about":[{"href":"https:\/\/paraferro.com.br\/loja\/wp-json\/wp\/v2\/types\/product"}],"wp:featuredmedia":[{"embeddable":true,"href":"https:\/\/paraferro.com.br\/loja\/wp-json\/wp\/v2\/media\/16723"}],"wp:attachment":[{"href":"https:\/\/paraferro.com.br\/loja\/wp-json\/wp\/v2\/media?parent=2924"}],"wp:term":[{"taxonomy":"product_brand","embeddable":true,"href":"https:\/\/paraferro.com.br\/loja\/wp-json\/wp\/v2\/product_brand?post=2924"},{"taxonomy":"product_cat","embeddable":true,"href":"https:\/\/paraferro.com.br\/loja\/wp-json\/wp\/v2\/product_cat?post=2924"},{"taxonomy":"product_tag","embeddable":true,"href":"https:\/\/paraferro.com.br\/loja\/wp-json\/wp\/v2\/product_tag?post=2924"}],"curies":[{"name":"wp","href":"https:\/\/api.w.org\/{rel}","templated":true}]}}