{"id":2667,"date":"2019-08-26T16:32:42","date_gmt":"2019-08-26T19:32:42","guid":{"rendered":"http:\/\/paraferro.com.br\/loja\/?post_type=product&#038;p=2667"},"modified":"2025-06-05T09:20:07","modified_gmt":"2025-06-05T12:20:07","slug":"estribo","status":"publish","type":"product","link":"https:\/\/paraferro.com.br\/loja\/produto\/estribo\/","title":{"rendered":"ESTRIBO"},"content":{"rendered":"<p><span class=\"OYPEnA font-feature-liga-off font-feature-clig-off font-feature-calt-off text-decoration-none text-strikethrough-none\">O estribo \u00e9 um elemento essencial na constru\u00e7\u00e3o civil, refor\u00e7ando armaduras de concreto para garantir estabilidade e resist\u00eancia. Ele evita fissuras, melhora a distribui\u00e7\u00e3o de carga e mant\u00e9m as barras de a\u00e7o alinhadas. Utilizado em vigas, pilares e estruturas sujeitas a grandes esfor\u00e7os, \u00e9 indispens\u00e1vel para a seguran\u00e7a e durabilidade das constru\u00e7\u00f5es.<\/span><\/p>\n<p>&nbsp;<\/p>\n","protected":false},"excerpt":{"rendered":"<p>O estribo \u00e9 um elemento essencial na constru\u00e7\u00e3o civil, refor\u00e7ando armaduras de concreto para garantir estabilidade e resist\u00eancia. Ele evita fissuras, melhora a distribui\u00e7\u00e3o de carga e mant\u00e9m as barras de a\u00e7o alinhadas. Utilizado em vigas, pilares e estruturas sujeitas a grandes esfor\u00e7os, \u00e9 indispens\u00e1vel para a seguran\u00e7a e durabilidade das constru\u00e7\u00f5es. &nbsp;<\/p>\n","protected":false},"featured_media":14494,"template":"","meta":{"_joinchat":[]},"product_brand":[],"product_cat":[153],"product_tag":[],"class_list":{"0":"post-2667","1":"product","2":"type-product","3":"status-publish","4":"has-post-thumbnail","6":"product_cat-estribo","8":"first","9":"instock","10":"shipping-taxable","11":"purchasable","12":"product-type-variable"},"_links":{"self":[{"href":"https:\/\/paraferro.com.br\/loja\/wp-json\/wp\/v2\/product\/2667","targetHints":{"allow":["GET"]}}],"collection":[{"href":"https:\/\/paraferro.com.br\/loja\/wp-json\/wp\/v2\/product"}],"about":[{"href":"https:\/\/paraferro.com.br\/loja\/wp-json\/wp\/v2\/types\/product"}],"wp:featuredmedia":[{"embeddable":true,"href":"https:\/\/paraferro.com.br\/loja\/wp-json\/wp\/v2\/media\/14494"}],"wp:attachment":[{"href":"https:\/\/paraferro.com.br\/loja\/wp-json\/wp\/v2\/media?parent=2667"}],"wp:term":[{"taxonomy":"product_brand","embeddable":true,"href":"https:\/\/paraferro.com.br\/loja\/wp-json\/wp\/v2\/product_brand?post=2667"},{"taxonomy":"product_cat","embeddable":true,"href":"https:\/\/paraferro.com.br\/loja\/wp-json\/wp\/v2\/product_cat?post=2667"},{"taxonomy":"product_tag","embeddable":true,"href":"https:\/\/paraferro.com.br\/loja\/wp-json\/wp\/v2\/product_tag?post=2667"}],"curies":[{"name":"wp","href":"https:\/\/api.w.org\/{rel}","templated":true}]}}