{"id":2600,"date":"2019-08-26T14:40:02","date_gmt":"2019-08-26T17:40:02","guid":{"rendered":"http:\/\/paraferro.com.br\/loja\/produto\/valvula-succao-dn-80-3-docol\/"},"modified":"2025-05-12T11:32:30","modified_gmt":"2025-05-12T14:32:30","slug":"valvula-succao-dn-80-3-docol","status":"publish","type":"product","link":"https:\/\/paraferro.com.br\/loja\/produto\/valvula-succao-dn-80-3-docol\/","title":{"rendered":"V\u00e1lvula de Suc\u00e7\u00e3o Docol"},"content":{"rendered":"<p class=\"\" data-start=\"146\" data-end=\"455\">A v\u00e1lvula de suc\u00e7\u00e3o Docol \u00e9 utilizada na extremidade de tubula\u00e7\u00f5es para evitar o retorno da \u00e1gua e a entrada de impurezas nos sistemas de bombeamento. Indicada para aplica\u00e7\u00f5es hidr\u00e1ulicas em reservat\u00f3rios, po\u00e7os e capta\u00e7\u00f5es, oferece veda\u00e7\u00e3o eficiente, resist\u00eancia e longa vida \u00fatil mesmo em condi\u00e7\u00f5es severas.<\/p>\n<p class=\"\" data-start=\"146\" data-end=\"455\"><strong data-start=\"459\" data-end=\"519\">Consultar medidas no momento da cota\u00e7\u00e3o via WhatsApp.<\/strong><\/p>\n","protected":false},"excerpt":{"rendered":"<p>A v\u00e1lvula de suc\u00e7\u00e3o Docol \u00e9 utilizada na extremidade de tubula\u00e7\u00f5es para evitar o retorno da \u00e1gua e a entrada de impurezas nos sistemas de bombeamento. Indicada para aplica\u00e7\u00f5es hidr\u00e1ulicas em reservat\u00f3rios, po\u00e7os e capta\u00e7\u00f5es, oferece veda\u00e7\u00e3o eficiente, resist\u00eancia e longa vida \u00fatil mesmo em condi\u00e7\u00f5es severas. Consultar medidas no momento da cota\u00e7\u00e3o via WhatsApp.<\/p>\n","protected":false},"featured_media":4089,"template":"","meta":{"_joinchat":[]},"product_brand":[],"product_cat":[268,85,90],"product_tag":[],"class_list":{"0":"post-2600","1":"product","2":"type-product","3":"status-publish","4":"has-post-thumbnail","6":"product_cat-rede-de-incendio","7":"product_cat-valvula","8":"product_cat-valvulas","10":"first","11":"instock","12":"shipping-taxable","13":"purchasable","14":"product-type-simple"},"_links":{"self":[{"href":"https:\/\/paraferro.com.br\/loja\/wp-json\/wp\/v2\/product\/2600","targetHints":{"allow":["GET"]}}],"collection":[{"href":"https:\/\/paraferro.com.br\/loja\/wp-json\/wp\/v2\/product"}],"about":[{"href":"https:\/\/paraferro.com.br\/loja\/wp-json\/wp\/v2\/types\/product"}],"wp:featuredmedia":[{"embeddable":true,"href":"https:\/\/paraferro.com.br\/loja\/wp-json\/wp\/v2\/media\/4089"}],"wp:attachment":[{"href":"https:\/\/paraferro.com.br\/loja\/wp-json\/wp\/v2\/media?parent=2600"}],"wp:term":[{"taxonomy":"product_brand","embeddable":true,"href":"https:\/\/paraferro.com.br\/loja\/wp-json\/wp\/v2\/product_brand?post=2600"},{"taxonomy":"product_cat","embeddable":true,"href":"https:\/\/paraferro.com.br\/loja\/wp-json\/wp\/v2\/product_cat?post=2600"},{"taxonomy":"product_tag","embeddable":true,"href":"https:\/\/paraferro.com.br\/loja\/wp-json\/wp\/v2\/product_tag?post=2600"}],"curies":[{"name":"wp","href":"https:\/\/api.w.org\/{rel}","templated":true}]}}