{"id":2595,"date":"2019-08-26T14:40:01","date_gmt":"2019-08-26T17:40:01","guid":{"rendered":"http:\/\/paraferro.com.br\/loja\/produto\/valvula-retencao-2-1-2-horizontalc-portin-dn65-docol\/"},"modified":"2025-05-12T11:43:19","modified_gmt":"2025-05-12T14:43:19","slug":"valvula-retencao-2-horizontal-c-portinhola-dn65-docol","status":"publish","type":"product","link":"https:\/\/paraferro.com.br\/loja\/produto\/valvula-retencao-2-horizontal-c-portinhola-dn65-docol\/","title":{"rendered":"V\u00e1lvula de Reten\u00e7\u00e3o Horizontal com Portinhola DN 65 \u2013 Docol"},"content":{"rendered":"<p class=\"\" data-start=\"218\" data-end=\"563\">A v\u00e1lvula de reten\u00e7\u00e3o horizontal com portinhola Docol DN 65 \u00e9 projetada para impedir o retorno do fluxo em sistemas hidr\u00e1ulicos e de combate a inc\u00eandio. Instalada na posi\u00e7\u00e3o horizontal, possui mecanismo de portinhola que garante veda\u00e7\u00e3o eficiente, abertura r\u00e1pida e baixa perda de carga. Ideal para aplica\u00e7\u00f5es prediais, comerciais e industriais.<\/p>\n<p class=\"\" data-start=\"218\" data-end=\"563\"><strong data-start=\"567\" data-end=\"627\">Consultar medidas no momento da cota\u00e7\u00e3o via WhatsApp.<\/strong><\/p>\n<p>&nbsp;<\/p>\n","protected":false},"excerpt":{"rendered":"<p>A v\u00e1lvula de reten\u00e7\u00e3o horizontal com portinhola Docol DN 65 \u00e9 projetada para impedir o retorno do fluxo em sistemas hidr\u00e1ulicos e de combate a inc\u00eandio. Instalada na posi\u00e7\u00e3o horizontal, possui mecanismo de portinhola que garante veda\u00e7\u00e3o eficiente, abertura r\u00e1pida e baixa perda de carga. Ideal para aplica\u00e7\u00f5es prediais, comerciais e industriais. Consultar medidas no momento da cota\u00e7\u00e3o via WhatsApp. &nbsp;<\/p>\n","protected":false},"featured_media":4086,"template":"","meta":{"_joinchat":[]},"product_brand":[],"product_cat":[268,85,90],"product_tag":[],"class_list":{"0":"post-2595","1":"product","2":"type-product","3":"status-publish","4":"has-post-thumbnail","6":"product_cat-rede-de-incendio","7":"product_cat-valvula","8":"product_cat-valvulas","10":"first","11":"instock","12":"shipping-taxable","13":"purchasable","14":"product-type-simple"},"_links":{"self":[{"href":"https:\/\/paraferro.com.br\/loja\/wp-json\/wp\/v2\/product\/2595","targetHints":{"allow":["GET"]}}],"collection":[{"href":"https:\/\/paraferro.com.br\/loja\/wp-json\/wp\/v2\/product"}],"about":[{"href":"https:\/\/paraferro.com.br\/loja\/wp-json\/wp\/v2\/types\/product"}],"wp:featuredmedia":[{"embeddable":true,"href":"https:\/\/paraferro.com.br\/loja\/wp-json\/wp\/v2\/media\/4086"}],"wp:attachment":[{"href":"https:\/\/paraferro.com.br\/loja\/wp-json\/wp\/v2\/media?parent=2595"}],"wp:term":[{"taxonomy":"product_brand","embeddable":true,"href":"https:\/\/paraferro.com.br\/loja\/wp-json\/wp\/v2\/product_brand?post=2595"},{"taxonomy":"product_cat","embeddable":true,"href":"https:\/\/paraferro.com.br\/loja\/wp-json\/wp\/v2\/product_cat?post=2595"},{"taxonomy":"product_tag","embeddable":true,"href":"https:\/\/paraferro.com.br\/loja\/wp-json\/wp\/v2\/product_tag?post=2595"}],"curies":[{"name":"wp","href":"https:\/\/api.w.org\/{rel}","templated":true}]}}