{"id":2575,"date":"2019-08-26T14:39:58","date_gmt":"2019-08-26T17:39:58","guid":{"rendered":"http:\/\/paraferro.com.br\/loja\/produto\/valvula-esferica-latao-tupyvalve-2-1-2-bsp-pass-plena-pn\/"},"modified":"2025-05-12T11:45:10","modified_gmt":"2025-05-12T14:45:10","slug":"valvula-esferica-latao-tupyvalve-2-1-2-bsp-pass-plena-pn","status":"publish","type":"product","link":"https:\/\/paraferro.com.br\/loja\/produto\/valvula-esferica-latao-tupyvalve-2-1-2-bsp-pass-plena-pn\/","title":{"rendered":"V\u00e1lvula Esf\u00e9rica Lat\u00e3o TupyValve \u2013 BSP Passagem Plena"},"content":{"rendered":"<p class=\"\" data-start=\"223\" data-end=\"522\">A v\u00e1lvula esf\u00e9rica TupyValve em lat\u00e3o com passagem plena \u00e9 indicada para controle r\u00e1pido de fluxo em sistemas hidr\u00e1ulicos e industriais. Possui conex\u00e3o roscada BSP, acionamento suave e veda\u00e7\u00e3o precisa. Ideal para aplica\u00e7\u00f5es que exigem resist\u00eancia, durabilidade e m\u00ednimo atrito na passagem de fluido.<\/p>\n<p class=\"\" data-start=\"223\" data-end=\"522\"><strong data-start=\"526\" data-end=\"586\">Consultar medidas no momento da cota\u00e7\u00e3o via WhatsApp.<\/strong><\/p>\n","protected":false},"excerpt":{"rendered":"<p>A v\u00e1lvula esf\u00e9rica TupyValve em lat\u00e3o com passagem plena \u00e9 indicada para controle r\u00e1pido de fluxo em sistemas hidr\u00e1ulicos e industriais. Possui conex\u00e3o roscada BSP, acionamento suave e veda\u00e7\u00e3o precisa. Ideal para aplica\u00e7\u00f5es que exigem resist\u00eancia, durabilidade e m\u00ednimo atrito na passagem de fluido. Consultar medidas no momento da cota\u00e7\u00e3o via WhatsApp.<\/p>\n","protected":false},"featured_media":4085,"template":"","meta":{"_joinchat":[]},"product_brand":[],"product_cat":[90],"product_tag":[],"class_list":{"0":"post-2575","1":"product","2":"type-product","3":"status-publish","4":"has-post-thumbnail","6":"product_cat-valvulas","8":"first","9":"instock","10":"shipping-taxable","11":"purchasable","12":"product-type-simple"},"_links":{"self":[{"href":"https:\/\/paraferro.com.br\/loja\/wp-json\/wp\/v2\/product\/2575","targetHints":{"allow":["GET"]}}],"collection":[{"href":"https:\/\/paraferro.com.br\/loja\/wp-json\/wp\/v2\/product"}],"about":[{"href":"https:\/\/paraferro.com.br\/loja\/wp-json\/wp\/v2\/types\/product"}],"wp:featuredmedia":[{"embeddable":true,"href":"https:\/\/paraferro.com.br\/loja\/wp-json\/wp\/v2\/media\/4085"}],"wp:attachment":[{"href":"https:\/\/paraferro.com.br\/loja\/wp-json\/wp\/v2\/media?parent=2575"}],"wp:term":[{"taxonomy":"product_brand","embeddable":true,"href":"https:\/\/paraferro.com.br\/loja\/wp-json\/wp\/v2\/product_brand?post=2575"},{"taxonomy":"product_cat","embeddable":true,"href":"https:\/\/paraferro.com.br\/loja\/wp-json\/wp\/v2\/product_cat?post=2575"},{"taxonomy":"product_tag","embeddable":true,"href":"https:\/\/paraferro.com.br\/loja\/wp-json\/wp\/v2\/product_tag?post=2575"}],"curies":[{"name":"wp","href":"https:\/\/api.w.org\/{rel}","templated":true}]}}