{"id":2572,"date":"2019-08-26T14:39:57","date_gmt":"2019-08-26T17:39:57","guid":{"rendered":"http:\/\/paraferro.com.br\/loja\/produto\/valvula-esferica-2-1-2-tripartida-cod-000951-212-01\/"},"modified":"2025-05-12T11:56:29","modified_gmt":"2025-05-12T14:56:29","slug":"valvula-esferica-tripartida","status":"publish","type":"product","link":"https:\/\/paraferro.com.br\/loja\/produto\/valvula-esferica-tripartida\/","title":{"rendered":"V\u00c1LVULA  ESF\u00c9RICA &#8211; TRIPARTIDA"},"content":{"rendered":"<p class=\"\" data-start=\"154\" data-end=\"489\">A v\u00e1lvula esf\u00e9rica tripartida \u00e9 utilizada em sistemas que exigem controle preciso do fluxo e facilidade de manuten\u00e7\u00e3o. Com corpo dividido em tr\u00eas partes, permite desmontagem sem a retirada das extremidades da tubula\u00e7\u00e3o. Indicada para aplica\u00e7\u00f5es industriais e hidr\u00e1ulicas que demandam alta resist\u00eancia, veda\u00e7\u00e3o eficiente e durabilidade.<\/p>\n<p class=\"\" data-start=\"154\" data-end=\"489\"><strong data-start=\"493\" data-end=\"553\">Consultar medidas no momento da cota\u00e7\u00e3o via WhatsApp.<\/strong><\/p>\n","protected":false},"excerpt":{"rendered":"<p>A v\u00e1lvula esf\u00e9rica tripartida \u00e9 utilizada em sistemas que exigem controle preciso do fluxo e facilidade de manuten\u00e7\u00e3o. Com corpo dividido em tr\u00eas partes, permite desmontagem sem a retirada das extremidades da tubula\u00e7\u00e3o. Indicada para aplica\u00e7\u00f5es industriais e hidr\u00e1ulicas que demandam alta resist\u00eancia, veda\u00e7\u00e3o eficiente e durabilidade. Consultar medidas no momento da cota\u00e7\u00e3o via WhatsApp.<\/p>\n","protected":false},"featured_media":4084,"template":"","meta":{"_joinchat":[]},"product_brand":[],"product_cat":[268,85,90],"product_tag":[],"class_list":{"0":"post-2572","1":"product","2":"type-product","3":"status-publish","4":"has-post-thumbnail","6":"product_cat-rede-de-incendio","7":"product_cat-valvula","8":"product_cat-valvulas","10":"first","11":"instock","12":"shipping-taxable","13":"purchasable","14":"product-type-simple"},"_links":{"self":[{"href":"https:\/\/paraferro.com.br\/loja\/wp-json\/wp\/v2\/product\/2572","targetHints":{"allow":["GET"]}}],"collection":[{"href":"https:\/\/paraferro.com.br\/loja\/wp-json\/wp\/v2\/product"}],"about":[{"href":"https:\/\/paraferro.com.br\/loja\/wp-json\/wp\/v2\/types\/product"}],"wp:featuredmedia":[{"embeddable":true,"href":"https:\/\/paraferro.com.br\/loja\/wp-json\/wp\/v2\/media\/4084"}],"wp:attachment":[{"href":"https:\/\/paraferro.com.br\/loja\/wp-json\/wp\/v2\/media?parent=2572"}],"wp:term":[{"taxonomy":"product_brand","embeddable":true,"href":"https:\/\/paraferro.com.br\/loja\/wp-json\/wp\/v2\/product_brand?post=2572"},{"taxonomy":"product_cat","embeddable":true,"href":"https:\/\/paraferro.com.br\/loja\/wp-json\/wp\/v2\/product_cat?post=2572"},{"taxonomy":"product_tag","embeddable":true,"href":"https:\/\/paraferro.com.br\/loja\/wp-json\/wp\/v2\/product_tag?post=2572"}],"curies":[{"name":"wp","href":"https:\/\/api.w.org\/{rel}","templated":true}]}}