{"id":2558,"date":"2019-08-26T14:39:55","date_gmt":"2019-08-26T17:39:55","guid":{"rendered":"http:\/\/paraferro.com.br\/loja\/produto\/valvula-esperica-1-1-4-classe-200s-tripartida\/"},"modified":"2025-05-12T12:03:09","modified_gmt":"2025-05-12T15:03:09","slug":"valvula-esferica-classe-200s-tripartida","status":"publish","type":"product","link":"https:\/\/paraferro.com.br\/loja\/produto\/valvula-esferica-classe-200s-tripartida\/","title":{"rendered":"V\u00e1lvula Esf\u00e9rica Tripartida Classe 200S"},"content":{"rendered":"<p class=\"\" data-start=\"178\" data-end=\"493\">A v\u00e1lvula esf\u00e9rica tripartida Classe 200S \u00e9 indicada para sistemas que operam com press\u00f5es elevadas e exigem veda\u00e7\u00e3o confi\u00e1vel. Seu corpo tripartido facilita a manuten\u00e7\u00e3o sem necessidade de desmontar toda a tubula\u00e7\u00e3o. Robusta e segura, \u00e9 ideal para aplica\u00e7\u00f5es industriais, qu\u00edmicas e hidr\u00e1ulicas de alto desempenho.<\/p>\n<p class=\"\" data-start=\"178\" data-end=\"493\"><strong data-start=\"497\" data-end=\"557\">Consultar medidas no momento da cota\u00e7\u00e3o via WhatsApp.<\/strong><\/p>\n","protected":false},"excerpt":{"rendered":"<p>A v\u00e1lvula esf\u00e9rica tripartida Classe 200S \u00e9 indicada para sistemas que operam com press\u00f5es elevadas e exigem veda\u00e7\u00e3o confi\u00e1vel. Seu corpo tripartido facilita a manuten\u00e7\u00e3o sem necessidade de desmontar toda a tubula\u00e7\u00e3o. Robusta e segura, \u00e9 ideal para aplica\u00e7\u00f5es industriais, qu\u00edmicas e hidr\u00e1ulicas de alto desempenho. Consultar medidas no momento da cota\u00e7\u00e3o via WhatsApp.<\/p>\n","protected":false},"featured_media":4084,"template":"","meta":{"_joinchat":[]},"product_brand":[],"product_cat":[268,85,90],"product_tag":[],"class_list":{"0":"post-2558","1":"product","2":"type-product","3":"status-publish","4":"has-post-thumbnail","6":"product_cat-rede-de-incendio","7":"product_cat-valvula","8":"product_cat-valvulas","10":"first","11":"instock","12":"shipping-taxable","13":"purchasable","14":"product-type-simple"},"_links":{"self":[{"href":"https:\/\/paraferro.com.br\/loja\/wp-json\/wp\/v2\/product\/2558","targetHints":{"allow":["GET"]}}],"collection":[{"href":"https:\/\/paraferro.com.br\/loja\/wp-json\/wp\/v2\/product"}],"about":[{"href":"https:\/\/paraferro.com.br\/loja\/wp-json\/wp\/v2\/types\/product"}],"wp:featuredmedia":[{"embeddable":true,"href":"https:\/\/paraferro.com.br\/loja\/wp-json\/wp\/v2\/media\/4084"}],"wp:attachment":[{"href":"https:\/\/paraferro.com.br\/loja\/wp-json\/wp\/v2\/media?parent=2558"}],"wp:term":[{"taxonomy":"product_brand","embeddable":true,"href":"https:\/\/paraferro.com.br\/loja\/wp-json\/wp\/v2\/product_brand?post=2558"},{"taxonomy":"product_cat","embeddable":true,"href":"https:\/\/paraferro.com.br\/loja\/wp-json\/wp\/v2\/product_cat?post=2558"},{"taxonomy":"product_tag","embeddable":true,"href":"https:\/\/paraferro.com.br\/loja\/wp-json\/wp\/v2\/product_tag?post=2558"}],"curies":[{"name":"wp","href":"https:\/\/api.w.org\/{rel}","templated":true}]}}