{"id":2557,"date":"2019-08-26T14:39:54","date_gmt":"2019-08-26T17:39:54","guid":{"rendered":"http:\/\/paraferro.com.br\/loja\/produto\/valvula-esferica-1-classe-200s-cod-000-951-100-01\/"},"modified":"2025-05-12T12:07:28","modified_gmt":"2025-05-12T15:07:28","slug":"valvula-esferica-1-classe-200s-cod-000-951-100-01","status":"publish","type":"product","link":"https:\/\/paraferro.com.br\/loja\/produto\/valvula-esferica-1-classe-200s-cod-000-951-100-01\/","title":{"rendered":"V\u00e1lvula Esf\u00e9rica 1&#8243; Classe 200S"},"content":{"rendered":"<p class=\"\" data-start=\"162\" data-end=\"472\">A v\u00e1lvula esf\u00e9rica 1&#8243; Classe 200S \u00e9 indicada para controle de fluxo em redes hidr\u00e1ulicas e industriais de m\u00e9dia a alta press\u00e3o. Possui corpo resistente, veda\u00e7\u00e3o precisa e passagem plena, permitindo opera\u00e7\u00e3o segura e eficiente em diversos tipos de sistemas. Ideal para uso t\u00e9cnico com exig\u00eancia de durabilidade.<\/p>\n<p class=\"\" data-start=\"162\" data-end=\"472\"><strong data-start=\"476\" data-end=\"536\">Consultar medidas no momento da cota\u00e7\u00e3o via WhatsApp.<\/strong><\/p>\n","protected":false},"excerpt":{"rendered":"<p>A v\u00e1lvula esf\u00e9rica 1&#8243; Classe 200S \u00e9 indicada para controle de fluxo em redes hidr\u00e1ulicas e industriais de m\u00e9dia a alta press\u00e3o. Possui corpo resistente, veda\u00e7\u00e3o precisa e passagem plena, permitindo opera\u00e7\u00e3o segura e eficiente em diversos tipos de sistemas. Ideal para uso t\u00e9cnico com exig\u00eancia de durabilidade. Consultar medidas no momento da cota\u00e7\u00e3o via WhatsApp.<\/p>\n","protected":false},"featured_media":4084,"template":"","meta":{"_joinchat":[]},"product_brand":[],"product_cat":[268,85,90],"product_tag":[],"class_list":{"0":"post-2557","1":"product","2":"type-product","3":"status-publish","4":"has-post-thumbnail","6":"product_cat-rede-de-incendio","7":"product_cat-valvula","8":"product_cat-valvulas","10":"first","11":"instock","12":"shipping-taxable","13":"purchasable","14":"product-type-simple"},"_links":{"self":[{"href":"https:\/\/paraferro.com.br\/loja\/wp-json\/wp\/v2\/product\/2557","targetHints":{"allow":["GET"]}}],"collection":[{"href":"https:\/\/paraferro.com.br\/loja\/wp-json\/wp\/v2\/product"}],"about":[{"href":"https:\/\/paraferro.com.br\/loja\/wp-json\/wp\/v2\/types\/product"}],"wp:featuredmedia":[{"embeddable":true,"href":"https:\/\/paraferro.com.br\/loja\/wp-json\/wp\/v2\/media\/4084"}],"wp:attachment":[{"href":"https:\/\/paraferro.com.br\/loja\/wp-json\/wp\/v2\/media?parent=2557"}],"wp:term":[{"taxonomy":"product_brand","embeddable":true,"href":"https:\/\/paraferro.com.br\/loja\/wp-json\/wp\/v2\/product_brand?post=2557"},{"taxonomy":"product_cat","embeddable":true,"href":"https:\/\/paraferro.com.br\/loja\/wp-json\/wp\/v2\/product_cat?post=2557"},{"taxonomy":"product_tag","embeddable":true,"href":"https:\/\/paraferro.com.br\/loja\/wp-json\/wp\/v2\/product_tag?post=2557"}],"curies":[{"name":"wp","href":"https:\/\/api.w.org\/{rel}","templated":true}]}}