{"id":2554,"date":"2019-08-26T14:39:54","date_gmt":"2019-08-26T17:39:54","guid":{"rendered":"http:\/\/paraferro.com.br\/loja\/produto\/valvula-2-1-2-para-hidrante-docol-globo-45o-cod-00322800-2\/"},"modified":"2025-05-12T12:10:51","modified_gmt":"2025-05-12T15:10:51","slug":"valvula-para-hidrante-docol-globo-45o","status":"publish","type":"product","link":"https:\/\/paraferro.com.br\/loja\/produto\/valvula-para-hidrante-docol-globo-45o\/","title":{"rendered":"V\u00c1LVULA PARA HIDRANTE DOCOL-GLOBO 45\u00ba"},"content":{"rendered":"<p class=\"\" data-start=\"178\" data-end=\"497\">A v\u00e1lvula globo 45\u00ba da Docol \u00e9 utilizada em sistemas de hidrantes, permitindo o controle do fluxo de \u00e1gua com abertura angular que facilita o escoamento e reduz a perda de carga. Com corpo robusto e acionamento manual, \u00e9 ideal para instala\u00e7\u00f5es prediais, comerciais e industriais que seguem normas de combate a inc\u00eandio.<strong data-start=\"501\" data-end=\"561\">\u00a0<\/strong><\/p>\n<p class=\"\" data-start=\"178\" data-end=\"497\"><strong data-start=\"501\" data-end=\"561\">Consultar medidas no momento da cota\u00e7\u00e3o via WhatsApp.<\/strong><\/p>\n","protected":false},"excerpt":{"rendered":"<p>A v\u00e1lvula globo 45\u00ba da Docol \u00e9 utilizada em sistemas de hidrantes, permitindo o controle do fluxo de \u00e1gua com abertura angular que facilita o escoamento e reduz a perda de carga. Com corpo robusto e acionamento manual, \u00e9 ideal para instala\u00e7\u00f5es prediais, comerciais e industriais que seguem normas de combate a inc\u00eandio.\u00a0 Consultar medidas no momento da cota\u00e7\u00e3o via WhatsApp.<\/p>\n","protected":false},"featured_media":2334,"template":"","meta":{"_joinchat":[]},"product_brand":[],"product_cat":[268,85,90],"product_tag":[],"class_list":{"0":"post-2554","1":"product","2":"type-product","3":"status-publish","4":"has-post-thumbnail","6":"product_cat-rede-de-incendio","7":"product_cat-valvula","8":"product_cat-valvulas","10":"first","11":"instock","12":"shipping-taxable","13":"purchasable","14":"product-type-simple"},"_links":{"self":[{"href":"https:\/\/paraferro.com.br\/loja\/wp-json\/wp\/v2\/product\/2554","targetHints":{"allow":["GET"]}}],"collection":[{"href":"https:\/\/paraferro.com.br\/loja\/wp-json\/wp\/v2\/product"}],"about":[{"href":"https:\/\/paraferro.com.br\/loja\/wp-json\/wp\/v2\/types\/product"}],"wp:featuredmedia":[{"embeddable":true,"href":"https:\/\/paraferro.com.br\/loja\/wp-json\/wp\/v2\/media\/2334"}],"wp:attachment":[{"href":"https:\/\/paraferro.com.br\/loja\/wp-json\/wp\/v2\/media?parent=2554"}],"wp:term":[{"taxonomy":"product_brand","embeddable":true,"href":"https:\/\/paraferro.com.br\/loja\/wp-json\/wp\/v2\/product_brand?post=2554"},{"taxonomy":"product_cat","embeddable":true,"href":"https:\/\/paraferro.com.br\/loja\/wp-json\/wp\/v2\/product_cat?post=2554"},{"taxonomy":"product_tag","embeddable":true,"href":"https:\/\/paraferro.com.br\/loja\/wp-json\/wp\/v2\/product_tag?post=2554"}],"curies":[{"name":"wp","href":"https:\/\/api.w.org\/{rel}","templated":true}]}}