{"id":2553,"date":"2019-08-26T14:39:54","date_gmt":"2019-08-26T17:39:54","guid":{"rendered":"http:\/\/paraferro.com.br\/loja\/produto\/uniao-assento-conico-de-bronze-6\/"},"modified":"2025-06-09T11:39:31","modified_gmt":"2025-06-09T14:39:31","slug":"uniao","status":"publish","type":"product","link":"https:\/\/paraferro.com.br\/loja\/produto\/uniao\/","title":{"rendered":"UNI\u00c3O"},"content":{"rendered":"<p><span class=\"OYPEnA font-feature-liga-off font-feature-clig-off font-feature-calt-off text-decoration-none text-strikethrough-none\">A uni\u00e3o \u00e9 um acess\u00f3rio utilizado para conectar dois tubos de forma desmont\u00e1vel, permitindo f\u00e1cil montagem e desmontagem da tubula\u00e7\u00e3o. \u00c9 ideal para sistemas que exigem manuten\u00e7\u00e3o frequente ou modifica\u00e7\u00f5es futuras.<\/span><\/p>\n","protected":false},"excerpt":{"rendered":"<p>A uni\u00e3o \u00e9 um acess\u00f3rio utilizado para conectar dois tubos de forma desmont\u00e1vel, permitindo f\u00e1cil montagem e desmontagem da tubula\u00e7\u00e3o. \u00c9 ideal para sistemas que exigem manuten\u00e7\u00e3o frequente ou modifica\u00e7\u00f5es futuras.<\/p>\n","protected":false},"featured_media":16204,"template":"","meta":{"_joinchat":[]},"product_brand":[],"product_cat":[89],"product_tag":[],"class_list":{"0":"post-2553","1":"product","2":"type-product","3":"status-publish","4":"has-post-thumbnail","6":"product_cat-uniao","8":"first","9":"instock","10":"shipping-taxable","11":"purchasable","12":"product-type-variable"},"_links":{"self":[{"href":"https:\/\/paraferro.com.br\/loja\/wp-json\/wp\/v2\/product\/2553","targetHints":{"allow":["GET"]}}],"collection":[{"href":"https:\/\/paraferro.com.br\/loja\/wp-json\/wp\/v2\/product"}],"about":[{"href":"https:\/\/paraferro.com.br\/loja\/wp-json\/wp\/v2\/types\/product"}],"wp:featuredmedia":[{"embeddable":true,"href":"https:\/\/paraferro.com.br\/loja\/wp-json\/wp\/v2\/media\/16204"}],"wp:attachment":[{"href":"https:\/\/paraferro.com.br\/loja\/wp-json\/wp\/v2\/media?parent=2553"}],"wp:term":[{"taxonomy":"product_brand","embeddable":true,"href":"https:\/\/paraferro.com.br\/loja\/wp-json\/wp\/v2\/product_brand?post=2553"},{"taxonomy":"product_cat","embeddable":true,"href":"https:\/\/paraferro.com.br\/loja\/wp-json\/wp\/v2\/product_cat?post=2553"},{"taxonomy":"product_tag","embeddable":true,"href":"https:\/\/paraferro.com.br\/loja\/wp-json\/wp\/v2\/product_tag?post=2553"}],"curies":[{"name":"wp","href":"https:\/\/api.w.org\/{rel}","templated":true}]}}