{"id":2439,"date":"2019-08-26T14:39:37","date_gmt":"2019-08-26T17:39:37","guid":{"rendered":"http:\/\/paraferro.com.br\/loja\/produto\/registro-gaveta-docol-4-indl-bronze-dn-100\/"},"modified":"2025-05-12T11:23:55","modified_gmt":"2025-05-12T14:23:55","slug":"registro-gaveta-docol","status":"publish","type":"product","link":"https:\/\/paraferro.com.br\/loja\/produto\/registro-gaveta-docol\/","title":{"rendered":"REGISTRO GAVETA DOCOL"},"content":{"rendered":"<p class=\"\" data-start=\"163\" data-end=\"506\">O registro gaveta Docol \u00e9 indicado para sistemas hidr\u00e1ulicos de grande porte, oferecendo veda\u00e7\u00e3o eficiente e controle do fluxo de \u00e1gua em redes prediais, industriais e comerciais. Fabricado com materiais de alta durabilidade, permite abertura total da passagem, reduzindo perdas de carga e garantindo desempenho em instala\u00e7\u00f5es de alta press\u00e3o.<\/p>\n<p class=\"\" data-start=\"163\" data-end=\"506\"><strong data-start=\"510\" data-end=\"570\">Consultar medidas no momento da cota\u00e7\u00e3o via WhatsApp.<\/strong><\/p>\n","protected":false},"excerpt":{"rendered":"<p>O registro gaveta Docol \u00e9 indicado para sistemas hidr\u00e1ulicos de grande porte, oferecendo veda\u00e7\u00e3o eficiente e controle do fluxo de \u00e1gua em redes prediais, industriais e comerciais. Fabricado com materiais de alta durabilidade, permite abertura total da passagem, reduzindo perdas de carga e garantindo desempenho em instala\u00e7\u00f5es de alta press\u00e3o. Consultar medidas no momento da cota\u00e7\u00e3o via WhatsApp.<\/p>\n","protected":false},"featured_media":2326,"template":"","meta":{"_joinchat":[]},"product_brand":[],"product_cat":[268,291,86],"product_tag":[],"class_list":{"0":"post-2439","1":"product","2":"type-product","3":"status-publish","4":"has-post-thumbnail","6":"product_cat-rede-de-incendio","7":"product_cat-registro-para-hidrante","8":"product_cat-registros","10":"first","11":"instock","12":"shipping-taxable","13":"purchasable","14":"product-type-simple"},"_links":{"self":[{"href":"https:\/\/paraferro.com.br\/loja\/wp-json\/wp\/v2\/product\/2439","targetHints":{"allow":["GET"]}}],"collection":[{"href":"https:\/\/paraferro.com.br\/loja\/wp-json\/wp\/v2\/product"}],"about":[{"href":"https:\/\/paraferro.com.br\/loja\/wp-json\/wp\/v2\/types\/product"}],"wp:featuredmedia":[{"embeddable":true,"href":"https:\/\/paraferro.com.br\/loja\/wp-json\/wp\/v2\/media\/2326"}],"wp:attachment":[{"href":"https:\/\/paraferro.com.br\/loja\/wp-json\/wp\/v2\/media?parent=2439"}],"wp:term":[{"taxonomy":"product_brand","embeddable":true,"href":"https:\/\/paraferro.com.br\/loja\/wp-json\/wp\/v2\/product_brand?post=2439"},{"taxonomy":"product_cat","embeddable":true,"href":"https:\/\/paraferro.com.br\/loja\/wp-json\/wp\/v2\/product_cat?post=2439"},{"taxonomy":"product_tag","embeddable":true,"href":"https:\/\/paraferro.com.br\/loja\/wp-json\/wp\/v2\/product_tag?post=2439"}],"curies":[{"name":"wp","href":"https:\/\/api.w.org\/{rel}","templated":true}]}}