{"id":2368,"date":"2019-08-26T14:39:27","date_gmt":"2019-08-26T17:39:27","guid":{"rendered":"http:\/\/paraferro.com.br\/loja\/produto\/luva-reducao-2-1-2-x-1-1-2\/"},"modified":"2025-09-01T17:05:15","modified_gmt":"2025-09-01T20:05:15","slug":"luva-reducao","status":"publish","type":"product","link":"https:\/\/paraferro.com.br\/loja\/produto\/luva-reducao\/","title":{"rendered":"LUVA REDU\u00c7\u00c3O"},"content":{"rendered":"<p><span class=\"OYPEnA font-feature-liga-off font-feature-clig-off font-feature-calt-off text-decoration-none text-strikethrough-none\">A luva \u00e9 usada para unir dois tubos, garantindo o alinhamento e a continuidade da tubula\u00e7\u00e3o. Oferece seguran\u00e7a, veda\u00e7\u00e3o e praticidade na montagem e manuten\u00e7\u00e3o dos sistemas.<\/span><\/p>\n","protected":false},"excerpt":{"rendered":"<p>A luva \u00e9 usada para unir dois tubos, garantindo o alinhamento e a continuidade da tubula\u00e7\u00e3o. Oferece seguran\u00e7a, veda\u00e7\u00e3o e praticidade na montagem e manuten\u00e7\u00e3o dos sistemas.<\/p>\n","protected":false},"featured_media":16202,"template":"","meta":{"_joinchat":[]},"product_brand":[],"product_cat":[82],"product_tag":[],"class_list":{"0":"post-2368","1":"product","2":"type-product","3":"status-publish","4":"has-post-thumbnail","6":"product_cat-luva","8":"first","9":"instock","10":"shipping-taxable","11":"purchasable","12":"product-type-simple"},"_links":{"self":[{"href":"https:\/\/paraferro.com.br\/loja\/wp-json\/wp\/v2\/product\/2368","targetHints":{"allow":["GET"]}}],"collection":[{"href":"https:\/\/paraferro.com.br\/loja\/wp-json\/wp\/v2\/product"}],"about":[{"href":"https:\/\/paraferro.com.br\/loja\/wp-json\/wp\/v2\/types\/product"}],"wp:featuredmedia":[{"embeddable":true,"href":"https:\/\/paraferro.com.br\/loja\/wp-json\/wp\/v2\/media\/16202"}],"wp:attachment":[{"href":"https:\/\/paraferro.com.br\/loja\/wp-json\/wp\/v2\/media?parent=2368"}],"wp:term":[{"taxonomy":"product_brand","embeddable":true,"href":"https:\/\/paraferro.com.br\/loja\/wp-json\/wp\/v2\/product_brand?post=2368"},{"taxonomy":"product_cat","embeddable":true,"href":"https:\/\/paraferro.com.br\/loja\/wp-json\/wp\/v2\/product_cat?post=2368"},{"taxonomy":"product_tag","embeddable":true,"href":"https:\/\/paraferro.com.br\/loja\/wp-json\/wp\/v2\/product_tag?post=2368"}],"curies":[{"name":"wp","href":"https:\/\/api.w.org\/{rel}","templated":true}]}}