{"id":2297,"date":"2019-08-26T14:02:29","date_gmt":"2019-08-26T17:02:29","guid":{"rendered":"http:\/\/paraferro.com.br\/loja\/produto\/curva-macho-femea-90o-2-1-2-importado\/"},"modified":"2025-06-09T10:21:27","modified_gmt":"2025-06-09T13:21:27","slug":"curva-inox","status":"publish","type":"product","link":"https:\/\/paraferro.com.br\/loja\/produto\/curva-inox\/","title":{"rendered":"CURVA INOX"},"content":{"rendered":"<p><span class=\"OYPEnA font-feature-liga-off font-feature-clig-off font-feature-calt-off text-decoration-none text-strikethrough-none\">A curva para tubo de condu\u00e7\u00e3o \u00e9 um componente essencial nas instala\u00e7\u00f5es hidr\u00e1ulicas, el\u00e9tricas e industriais, permitindo a mudan\u00e7a de dire\u00e7\u00e3o da tubula\u00e7\u00e3o sem comprometer o fluxo ou a integridade do sistema. A curva \u00e9 projetada para suportar press\u00f5es, temperaturas e condi\u00e7\u00f5es adversas, garantindo durabilidade e seguran\u00e7a.<\/span><\/p>\n","protected":false},"excerpt":{"rendered":"<p>A curva para tubo de condu\u00e7\u00e3o \u00e9 um componente essencial nas instala\u00e7\u00f5es hidr\u00e1ulicas, el\u00e9tricas e industriais, permitindo a mudan\u00e7a de dire\u00e7\u00e3o da tubula\u00e7\u00e3o sem comprometer o fluxo ou a integridade do sistema. A curva \u00e9 projetada para suportar press\u00f5es, temperaturas e condi\u00e7\u00f5es adversas, garantindo durabilidade e seguran\u00e7a.<\/p>\n","protected":false},"featured_media":4129,"template":"","meta":{"_joinchat":[]},"product_brand":[],"product_cat":[80],"product_tag":[],"class_list":{"0":"post-2297","1":"product","2":"type-product","3":"status-publish","4":"has-post-thumbnail","6":"product_cat-curva","8":"first","9":"instock","10":"shipping-taxable","11":"purchasable","12":"product-type-variable"},"_links":{"self":[{"href":"https:\/\/paraferro.com.br\/loja\/wp-json\/wp\/v2\/product\/2297","targetHints":{"allow":["GET"]}}],"collection":[{"href":"https:\/\/paraferro.com.br\/loja\/wp-json\/wp\/v2\/product"}],"about":[{"href":"https:\/\/paraferro.com.br\/loja\/wp-json\/wp\/v2\/types\/product"}],"wp:featuredmedia":[{"embeddable":true,"href":"https:\/\/paraferro.com.br\/loja\/wp-json\/wp\/v2\/media\/4129"}],"wp:attachment":[{"href":"https:\/\/paraferro.com.br\/loja\/wp-json\/wp\/v2\/media?parent=2297"}],"wp:term":[{"taxonomy":"product_brand","embeddable":true,"href":"https:\/\/paraferro.com.br\/loja\/wp-json\/wp\/v2\/product_brand?post=2297"},{"taxonomy":"product_cat","embeddable":true,"href":"https:\/\/paraferro.com.br\/loja\/wp-json\/wp\/v2\/product_cat?post=2297"},{"taxonomy":"product_tag","embeddable":true,"href":"https:\/\/paraferro.com.br\/loja\/wp-json\/wp\/v2\/product_tag?post=2297"}],"curies":[{"name":"wp","href":"https:\/\/api.w.org\/{rel}","templated":true}]}}