{"id":2210,"date":"2019-08-26T14:02:17","date_gmt":"2019-08-26T17:02:17","guid":{"rendered":"http:\/\/paraferro.com.br\/loja\/produto\/cotovelo-45-1\/"},"modified":"2025-06-09T09:41:42","modified_gmt":"2025-06-09T12:41:42","slug":"cotovelo","status":"publish","type":"product","link":"https:\/\/paraferro.com.br\/loja\/produto\/cotovelo\/","title":{"rendered":"COTOVELO"},"content":{"rendered":"<p><span class=\"OYPEnA font-feature-liga-off font-feature-clig-off font-feature-calt-off text-decoration-none text-strikethrough-none\">Conex\u00e3o usada para mudar a dire\u00e7\u00e3o do fluxo (45\u00b0 ou 90\u00b0), feita em a\u00e7o carbono, inox ou galvanizado. Resistente, dur\u00e1vel e f\u00e1cil de instalar, ideal para sistemas hidr\u00e1ulicos, industriais e de infraestrutura.<\/span><\/p>\n","protected":false},"excerpt":{"rendered":"<p>Conex\u00e3o usada para mudar a dire\u00e7\u00e3o do fluxo (45\u00b0 ou 90\u00b0), feita em a\u00e7o carbono, inox ou galvanizado. Resistente, dur\u00e1vel e f\u00e1cil de instalar, ideal para sistemas hidr\u00e1ulicos, industriais e de infraestrutura.<\/p>\n","protected":false},"featured_media":2121,"template":"","meta":{"_joinchat":[]},"product_brand":[],"product_cat":[78],"product_tag":[],"class_list":{"0":"post-2210","1":"product","2":"type-product","3":"status-publish","4":"has-post-thumbnail","6":"product_cat-cotovelo","8":"first","9":"instock","10":"shipping-taxable","11":"purchasable","12":"product-type-variable"},"_links":{"self":[{"href":"https:\/\/paraferro.com.br\/loja\/wp-json\/wp\/v2\/product\/2210","targetHints":{"allow":["GET"]}}],"collection":[{"href":"https:\/\/paraferro.com.br\/loja\/wp-json\/wp\/v2\/product"}],"about":[{"href":"https:\/\/paraferro.com.br\/loja\/wp-json\/wp\/v2\/types\/product"}],"wp:featuredmedia":[{"embeddable":true,"href":"https:\/\/paraferro.com.br\/loja\/wp-json\/wp\/v2\/media\/2121"}],"wp:attachment":[{"href":"https:\/\/paraferro.com.br\/loja\/wp-json\/wp\/v2\/media?parent=2210"}],"wp:term":[{"taxonomy":"product_brand","embeddable":true,"href":"https:\/\/paraferro.com.br\/loja\/wp-json\/wp\/v2\/product_brand?post=2210"},{"taxonomy":"product_cat","embeddable":true,"href":"https:\/\/paraferro.com.br\/loja\/wp-json\/wp\/v2\/product_cat?post=2210"},{"taxonomy":"product_tag","embeddable":true,"href":"https:\/\/paraferro.com.br\/loja\/wp-json\/wp\/v2\/product_tag?post=2210"}],"curies":[{"name":"wp","href":"https:\/\/api.w.org\/{rel}","templated":true}]}}