{"id":2209,"date":"2019-08-26T14:02:16","date_gmt":"2019-08-26T17:02:16","guid":{"rendered":"http:\/\/paraferro.com.br\/loja\/produto\/cap-aco-carbono-4\/"},"modified":"2025-06-09T09:32:04","modified_gmt":"2025-06-09T12:32:04","slug":"cap","status":"publish","type":"product","link":"https:\/\/paraferro.com.br\/loja\/produto\/cap\/","title":{"rendered":"CAP"},"content":{"rendered":"<p><span class=\"OYPEnA font-feature-liga-off font-feature-clig-off font-feature-calt-off text-decoration-none text-strikethrough-none\">\u00c9 uma pe\u00e7a de conex\u00e3o em sistemas de tubula\u00e7\u00e3o, \u00e9 aplicado para selar uma abertura ou extremidade nas tubula\u00e7\u00f5es, onde existe a necessidade do sistema suportar altas press\u00f5es.<\/span><\/p>\n","protected":false},"excerpt":{"rendered":"<p>\u00c9 uma pe\u00e7a de conex\u00e3o em sistemas de tubula\u00e7\u00e3o, \u00e9 aplicado para selar uma abertura ou extremidade nas tubula\u00e7\u00f5es, onde existe a necessidade do sistema suportar altas press\u00f5es.<\/p>\n","protected":false},"featured_media":16101,"template":"","meta":{"_joinchat":[]},"product_brand":[],"product_cat":[77],"product_tag":[],"class_list":{"0":"post-2209","1":"product","2":"type-product","3":"status-publish","4":"has-post-thumbnail","6":"product_cat-cap","8":"first","9":"instock","10":"shipping-taxable","11":"purchasable","12":"product-type-variable"},"_links":{"self":[{"href":"https:\/\/paraferro.com.br\/loja\/wp-json\/wp\/v2\/product\/2209","targetHints":{"allow":["GET"]}}],"collection":[{"href":"https:\/\/paraferro.com.br\/loja\/wp-json\/wp\/v2\/product"}],"about":[{"href":"https:\/\/paraferro.com.br\/loja\/wp-json\/wp\/v2\/types\/product"}],"wp:featuredmedia":[{"embeddable":true,"href":"https:\/\/paraferro.com.br\/loja\/wp-json\/wp\/v2\/media\/16101"}],"wp:attachment":[{"href":"https:\/\/paraferro.com.br\/loja\/wp-json\/wp\/v2\/media?parent=2209"}],"wp:term":[{"taxonomy":"product_brand","embeddable":true,"href":"https:\/\/paraferro.com.br\/loja\/wp-json\/wp\/v2\/product_brand?post=2209"},{"taxonomy":"product_cat","embeddable":true,"href":"https:\/\/paraferro.com.br\/loja\/wp-json\/wp\/v2\/product_cat?post=2209"},{"taxonomy":"product_tag","embeddable":true,"href":"https:\/\/paraferro.com.br\/loja\/wp-json\/wp\/v2\/product_tag?post=2209"}],"curies":[{"name":"wp","href":"https:\/\/api.w.org\/{rel}","templated":true}]}}