{"id":2205,"date":"2019-08-26T14:02:16","date_gmt":"2019-08-26T17:02:16","guid":{"rendered":"http:\/\/paraferro.com.br\/loja\/produto\/bujoes-2-1-2\/"},"modified":"2025-06-09T09:18:18","modified_gmt":"2025-06-09T12:18:18","slug":"bujao","status":"publish","type":"product","link":"https:\/\/paraferro.com.br\/loja\/produto\/bujao\/","title":{"rendered":"BUJ\u00c3O"},"content":{"rendered":"<p><span class=\"OYPEnA font-feature-liga-off font-feature-clig-off font-feature-calt-off text-decoration-none text-strikethrough-none\">O Buj\u00e3o funciona como um \u201ctamp\u00e3o\u201d nas extremidades de tubos de condu\u00e7\u00e3o de \u00e1gua, g\u00e1s, vapor, \u00f3leo e outras aplica\u00e7\u00f5es hidr\u00e1ulicas em geral. \u00c9 uma conex\u00e3o adequada para tubula\u00e7\u00f5es, principalmente em instala\u00e7\u00f5es residenciais, comerciais e industriais. Uma das vantagens do buj\u00e3o&#8221; \u00e9 seu material de fabrica\u00e7\u00e3o, que tem \u00f3timo custo benef\u00edcio por ser resistente \u00e0 subst\u00e2ncia corrosivos e abrasivos, f\u00e1cil de limpar e dur\u00e1vel.<\/span><\/p>\n","protected":false},"excerpt":{"rendered":"<p>O Buj\u00e3o funciona como um \u201ctamp\u00e3o\u201d nas extremidades de tubos de condu\u00e7\u00e3o de \u00e1gua, g\u00e1s, vapor, \u00f3leo e outras aplica\u00e7\u00f5es hidr\u00e1ulicas em geral. \u00c9 uma conex\u00e3o adequada para tubula\u00e7\u00f5es, principalmente em instala\u00e7\u00f5es residenciais, comerciais e industriais. Uma das vantagens do buj\u00e3o&#8221; \u00e9 seu material de fabrica\u00e7\u00e3o, que tem \u00f3timo custo benef\u00edcio por ser resistente \u00e0 subst\u00e2ncia corrosivos e abrasivos, f\u00e1cil de limpar e dur\u00e1vel.<\/p>\n","protected":false},"featured_media":2116,"template":"","meta":{"_joinchat":[]},"product_brand":[],"product_cat":[76],"product_tag":[],"class_list":{"0":"post-2205","1":"product","2":"type-product","3":"status-publish","4":"has-post-thumbnail","6":"product_cat-bujao","8":"first","9":"instock","10":"shipping-taxable","11":"purchasable","12":"product-type-variable"},"_links":{"self":[{"href":"https:\/\/paraferro.com.br\/loja\/wp-json\/wp\/v2\/product\/2205","targetHints":{"allow":["GET"]}}],"collection":[{"href":"https:\/\/paraferro.com.br\/loja\/wp-json\/wp\/v2\/product"}],"about":[{"href":"https:\/\/paraferro.com.br\/loja\/wp-json\/wp\/v2\/types\/product"}],"wp:featuredmedia":[{"embeddable":true,"href":"https:\/\/paraferro.com.br\/loja\/wp-json\/wp\/v2\/media\/2116"}],"wp:attachment":[{"href":"https:\/\/paraferro.com.br\/loja\/wp-json\/wp\/v2\/media?parent=2205"}],"wp:term":[{"taxonomy":"product_brand","embeddable":true,"href":"https:\/\/paraferro.com.br\/loja\/wp-json\/wp\/v2\/product_brand?post=2205"},{"taxonomy":"product_cat","embeddable":true,"href":"https:\/\/paraferro.com.br\/loja\/wp-json\/wp\/v2\/product_cat?post=2205"},{"taxonomy":"product_tag","embeddable":true,"href":"https:\/\/paraferro.com.br\/loja\/wp-json\/wp\/v2\/product_tag?post=2205"}],"curies":[{"name":"wp","href":"https:\/\/api.w.org\/{rel}","templated":true}]}}