{"id":2196,"date":"2019-08-26T14:02:15","date_gmt":"2019-08-26T17:02:15","guid":{"rendered":"http:\/\/paraferro.com.br\/loja\/produto\/bucha-reducao-4-x-2\/"},"modified":"2025-06-09T09:03:18","modified_gmt":"2025-06-09T12:03:18","slug":"bucha-reducao","status":"publish","type":"product","link":"https:\/\/paraferro.com.br\/loja\/produto\/bucha-reducao\/","title":{"rendered":"BUCHA REDUCAO"},"content":{"rendered":"<p><span class=\"OYPEnA font-feature-liga-off font-feature-clig-off font-feature-calt-off text-decoration-none text-strikethrough-none\">A Bucha de Redu\u00e7\u00e3o, \u00e9 aplicada para conectar sistemas de tubula\u00e7\u00e3o de diferentes di\u00e2metros onde existe a necessidade do sistema suportar altas press\u00f5es.<\/span><\/p>\n<p>&nbsp;<\/p>\n","protected":false},"excerpt":{"rendered":"<p>A Bucha de Redu\u00e7\u00e3o, \u00e9 aplicada para conectar sistemas de tubula\u00e7\u00e3o de diferentes di\u00e2metros onde existe a necessidade do sistema suportar altas press\u00f5es. &nbsp;<\/p>\n","protected":false},"featured_media":2114,"template":"","meta":{"_joinchat":[]},"product_brand":[],"product_cat":[75],"product_tag":[],"class_list":{"0":"post-2196","1":"product","2":"type-product","3":"status-publish","4":"has-post-thumbnail","6":"product_cat-bucha-reducao","8":"first","9":"instock","10":"shipping-taxable","11":"purchasable","12":"product-type-variable"},"_links":{"self":[{"href":"https:\/\/paraferro.com.br\/loja\/wp-json\/wp\/v2\/product\/2196","targetHints":{"allow":["GET"]}}],"collection":[{"href":"https:\/\/paraferro.com.br\/loja\/wp-json\/wp\/v2\/product"}],"about":[{"href":"https:\/\/paraferro.com.br\/loja\/wp-json\/wp\/v2\/types\/product"}],"wp:featuredmedia":[{"embeddable":true,"href":"https:\/\/paraferro.com.br\/loja\/wp-json\/wp\/v2\/media\/2114"}],"wp:attachment":[{"href":"https:\/\/paraferro.com.br\/loja\/wp-json\/wp\/v2\/media?parent=2196"}],"wp:term":[{"taxonomy":"product_brand","embeddable":true,"href":"https:\/\/paraferro.com.br\/loja\/wp-json\/wp\/v2\/product_brand?post=2196"},{"taxonomy":"product_cat","embeddable":true,"href":"https:\/\/paraferro.com.br\/loja\/wp-json\/wp\/v2\/product_cat?post=2196"},{"taxonomy":"product_tag","embeddable":true,"href":"https:\/\/paraferro.com.br\/loja\/wp-json\/wp\/v2\/product_tag?post=2196"}],"curies":[{"name":"wp","href":"https:\/\/api.w.org\/{rel}","templated":true}]}}