{"id":2171,"date":"2019-08-26T14:02:11","date_gmt":"2019-08-26T17:02:11","guid":{"rendered":"http:\/\/paraferro.com.br\/loja\/produto\/tubo-sch-40-nbr-5590-c-costura-8-esp-820mm-s-r\/"},"modified":"2025-04-24T09:28:28","modified_gmt":"2025-04-24T12:28:28","slug":"tubo-sch-40-nbr-5590-c-costura-8-esp-820mm-s-r","status":"publish","type":"product","link":"https:\/\/paraferro.com.br\/loja\/produto\/tubo-sch-40-nbr-5590-c-costura-8-esp-820mm-s-r\/","title":{"rendered":"TUBO SCH NBR 5590"},"content":{"rendered":"<p>Tubos Schedule 40 ou tamb\u00e9m conhecidos como \u201ctubos sch\u201d s\u00e3o tubos que atendem a norma NBR 5590, ideais para condu\u00e7\u00e3o de flu\u00eddos e gases podendo ser usados para os mais diversos fins, seja na ind\u00fastria \/ constru\u00e7\u00e3o mec\u00e2nica ou em usinas de a\u00e7\u00facar e \u00e1lcool. O termo Schedule do Tubos Schedule 40 \u00e9 o resultado arredondado da seguinte f\u00f3rmula: [SCH = P \/ S] onde P \u00e9 a press\u00e3o de trabalho do tubo e S \u00e9 a tens\u00e3o (press\u00e3o) correspondente a 60% do limite de escoamento do material a 20 Graus C.<\/p>\n<p>Portanto, para um mesmo di\u00e2metro externo de um tubo de condu\u00e7\u00e3o, quanto maior a espessura da parede, maior a sua resist\u00eancia.<br \/>\nPodendo ser encontrado com ou sem costura, os Tubos Schedule 40 s\u00e3o produtos de excelente proced\u00eancia e que s\u00e3o muito utilizados para a condu\u00e7\u00e3o de gases, l\u00edquidos, vapores, entre outros fluidos. O produto \u00e9 muito indicado para essa fun\u00e7\u00e3o, pois a composi\u00e7\u00e3o do tubo schedule 40 permite que ele ofere\u00e7a a resist\u00eancia para alta press\u00e3o e suporte necess\u00e1rio ao desempenhar tal fun\u00e7\u00e3o, por essa raz\u00e3o o produto \u00e9 t\u00e3o importante para diversos segmentos da ind\u00fastria e atende perfeitamente \u00e0s mais variadas demandas.<\/p>\n","protected":false},"excerpt":{"rendered":"<p>Tubos Schedule 40 ou tamb\u00e9m conhecidos como \u201ctubos sch\u201d s\u00e3o tubos que atendem a norma NBR 5590, ideais para condu\u00e7\u00e3o de flu\u00eddos e gases podendo ser usados para os mais diversos fins, seja na ind\u00fastria \/ constru\u00e7\u00e3o mec\u00e2nica ou em usinas de a\u00e7\u00facar e \u00e1lcool. O termo Schedule do Tubos Schedule 40 \u00e9 o resultado arredondado da seguinte f\u00f3rmula: [SCH = P \/ S] onde P \u00e9 a press\u00e3o de trabalho do tubo e S \u00e9 a tens\u00e3o (press\u00e3o) correspondente a 60% do limite de escoamento do material a 20 Graus C. Portanto, para um mesmo di\u00e2metro externo de um tubo de condu\u00e7\u00e3o, quanto maior a espessura da parede, maior a sua resist\u00eancia. Podendo ser encontrado com ou sem costura, os Tubos Schedule 40 s\u00e3o produtos de excelente proced\u00eancia e que s\u00e3o muito utilizados para a condu\u00e7\u00e3o de gases, l\u00edquidos, vapores, entre outros fluidos. O produto \u00e9 muito indicado para essa fun\u00e7\u00e3o, pois a composi\u00e7\u00e3o do tubo schedule 40 permite que ele ofere\u00e7a a resist\u00eancia para alta press\u00e3o e suporte necess\u00e1rio ao desempenhar tal fun\u00e7\u00e3o, por essa raz\u00e3o o produto \u00e9 t\u00e3o importante para diversos segmentos da ind\u00fastria e atende perfeitamente \u00e0s mais variadas demandas.<\/p>\n","protected":false},"featured_media":14114,"template":"","meta":{"_joinchat":[]},"product_brand":[],"product_cat":[73],"product_tag":[],"class_list":{"0":"post-2171","1":"product","2":"type-product","3":"status-publish","4":"has-post-thumbnail","6":"product_cat-tubo-schedule","8":"first","9":"instock","10":"featured","11":"shipping-taxable","12":"purchasable","13":"product-type-simple"},"_links":{"self":[{"href":"https:\/\/paraferro.com.br\/loja\/wp-json\/wp\/v2\/product\/2171","targetHints":{"allow":["GET"]}}],"collection":[{"href":"https:\/\/paraferro.com.br\/loja\/wp-json\/wp\/v2\/product"}],"about":[{"href":"https:\/\/paraferro.com.br\/loja\/wp-json\/wp\/v2\/types\/product"}],"wp:featuredmedia":[{"embeddable":true,"href":"https:\/\/paraferro.com.br\/loja\/wp-json\/wp\/v2\/media\/14114"}],"wp:attachment":[{"href":"https:\/\/paraferro.com.br\/loja\/wp-json\/wp\/v2\/media?parent=2171"}],"wp:term":[{"taxonomy":"product_brand","embeddable":true,"href":"https:\/\/paraferro.com.br\/loja\/wp-json\/wp\/v2\/product_brand?post=2171"},{"taxonomy":"product_cat","embeddable":true,"href":"https:\/\/paraferro.com.br\/loja\/wp-json\/wp\/v2\/product_cat?post=2171"},{"taxonomy":"product_tag","embeddable":true,"href":"https:\/\/paraferro.com.br\/loja\/wp-json\/wp\/v2\/product_tag?post=2171"}],"curies":[{"name":"wp","href":"https:\/\/api.w.org\/{rel}","templated":true}]}}