{"id":2143,"date":"2019-08-26T14:02:07","date_gmt":"2019-08-26T17:02:07","guid":{"rendered":"http:\/\/paraferro.com.br\/loja\/produto\/tubo-galvanizado-nbr-8261-3-diam-ext-8890mmx300mm-6m\/"},"modified":"2025-05-08T15:33:16","modified_gmt":"2025-05-08T18:33:16","slug":"tubo-galvanizado-patente","status":"publish","type":"product","link":"https:\/\/paraferro.com.br\/loja\/produto\/tubo-galvanizado-patente\/","title":{"rendered":"TUBO GALVANIZADO PATENTE"},"content":{"rendered":"<p><span class=\"OYPEnA font-feature-liga-off font-feature-clig-off font-feature-calt-off text-decoration-none text-strikethrough-none\">Tubos de se\u00e7\u00e3o transversal redonda fabricados em a\u00e7o carbono com solda longitudinal &#8220;ERW&#8221;, com tratamento de galvaniza\u00e7\u00e3o que prolonga sua resist\u00eancia e vida \u00fatil. Para aplica\u00e7\u00f5es em diversos segmentos, \u00e9 utilizado nos mais diversos segmentos.<\/span><\/p>\n<p>&nbsp;<\/p>\n<p>&nbsp;<\/p>\n","protected":false},"excerpt":{"rendered":"<p>Tubos de se\u00e7\u00e3o transversal redonda fabricados em a\u00e7o carbono com solda longitudinal &#8220;ERW&#8221;, com tratamento de galvaniza\u00e7\u00e3o que prolonga sua resist\u00eancia e vida \u00fatil. Para aplica\u00e7\u00f5es em diversos segmentos, \u00e9 utilizado nos mais diversos segmentos. &nbsp; &nbsp;<\/p>\n","protected":false},"featured_media":14101,"template":"","meta":{"_joinchat":[]},"product_brand":[],"product_cat":[71],"product_tag":[],"class_list":{"0":"post-2143","1":"product","2":"type-product","3":"status-publish","4":"has-post-thumbnail","6":"product_cat-tubo-galvanizado","8":"first","9":"instock","10":"shipping-taxable","11":"purchasable","12":"product-type-variable","13":"has-default-attributes"},"_links":{"self":[{"href":"https:\/\/paraferro.com.br\/loja\/wp-json\/wp\/v2\/product\/2143","targetHints":{"allow":["GET"]}}],"collection":[{"href":"https:\/\/paraferro.com.br\/loja\/wp-json\/wp\/v2\/product"}],"about":[{"href":"https:\/\/paraferro.com.br\/loja\/wp-json\/wp\/v2\/types\/product"}],"wp:featuredmedia":[{"embeddable":true,"href":"https:\/\/paraferro.com.br\/loja\/wp-json\/wp\/v2\/media\/14101"}],"wp:attachment":[{"href":"https:\/\/paraferro.com.br\/loja\/wp-json\/wp\/v2\/media?parent=2143"}],"wp:term":[{"taxonomy":"product_brand","embeddable":true,"href":"https:\/\/paraferro.com.br\/loja\/wp-json\/wp\/v2\/product_brand?post=2143"},{"taxonomy":"product_cat","embeddable":true,"href":"https:\/\/paraferro.com.br\/loja\/wp-json\/wp\/v2\/product_cat?post=2143"},{"taxonomy":"product_tag","embeddable":true,"href":"https:\/\/paraferro.com.br\/loja\/wp-json\/wp\/v2\/product_tag?post=2143"}],"curies":[{"name":"wp","href":"https:\/\/api.w.org\/{rel}","templated":true}]}}