{"id":2101,"date":"2019-08-26T12:04:03","date_gmt":"2019-08-26T15:04:03","guid":{"rendered":"http:\/\/paraferro.com.br\/loja\/?post_type=product&#038;p=2101"},"modified":"2025-05-12T10:44:59","modified_gmt":"2025-05-12T13:44:59","slug":"chave-storz-predial-latao","status":"publish","type":"product","link":"https:\/\/paraferro.com.br\/loja\/produto\/chave-storz-predial-latao\/","title":{"rendered":"CHAVE STORZ &#8211; PREDIAL- LATAO"},"content":{"rendered":"<p class=\"\" data-start=\"176\" data-end=\"483\">A chave Storz predial em lat\u00e3o \u00e9 ideal para abertura e fechamento de conex\u00f5es Storz em sistemas hidr\u00e1ulicos e de combate a inc\u00eandio. Fabricada em material robusto, oferece durabilidade, resist\u00eancia \u00e0 corros\u00e3o e seguran\u00e7a no manuseio, sendo indicada para uso profissional em ambientes prediais e industriais.<\/p>\n<p class=\"\" data-start=\"176\" data-end=\"483\"><strong data-start=\"487\" data-end=\"547\">Consultar medidas no momento da cota\u00e7\u00e3o via WhatsApp.<\/strong><\/p>\n","protected":false},"excerpt":{"rendered":"<p>A chave Storz predial em lat\u00e3o \u00e9 ideal para abertura e fechamento de conex\u00f5es Storz em sistemas hidr\u00e1ulicos e de combate a inc\u00eandio. Fabricada em material robusto, oferece durabilidade, resist\u00eancia \u00e0 corros\u00e3o e seguran\u00e7a no manuseio, sendo indicada para uso profissional em ambientes prediais e industriais. Consultar medidas no momento da cota\u00e7\u00e3o via WhatsApp.<\/p>\n","protected":false},"featured_media":2102,"template":"","meta":{"_joinchat":[]},"product_brand":[],"product_cat":[98,268],"product_tag":[],"class_list":{"0":"post-2101","1":"product","2":"type-product","3":"status-publish","4":"has-post-thumbnail","6":"product_cat-chave-storz","7":"product_cat-rede-de-incendio","9":"first","10":"instock","11":"shipping-taxable","12":"purchasable","13":"product-type-simple"},"_links":{"self":[{"href":"https:\/\/paraferro.com.br\/loja\/wp-json\/wp\/v2\/product\/2101","targetHints":{"allow":["GET"]}}],"collection":[{"href":"https:\/\/paraferro.com.br\/loja\/wp-json\/wp\/v2\/product"}],"about":[{"href":"https:\/\/paraferro.com.br\/loja\/wp-json\/wp\/v2\/types\/product"}],"wp:featuredmedia":[{"embeddable":true,"href":"https:\/\/paraferro.com.br\/loja\/wp-json\/wp\/v2\/media\/2102"}],"wp:attachment":[{"href":"https:\/\/paraferro.com.br\/loja\/wp-json\/wp\/v2\/media?parent=2101"}],"wp:term":[{"taxonomy":"product_brand","embeddable":true,"href":"https:\/\/paraferro.com.br\/loja\/wp-json\/wp\/v2\/product_brand?post=2101"},{"taxonomy":"product_cat","embeddable":true,"href":"https:\/\/paraferro.com.br\/loja\/wp-json\/wp\/v2\/product_cat?post=2101"},{"taxonomy":"product_tag","embeddable":true,"href":"https:\/\/paraferro.com.br\/loja\/wp-json\/wp\/v2\/product_tag?post=2101"}],"curies":[{"name":"wp","href":"https:\/\/api.w.org\/{rel}","templated":true}]}}