{"id":2099,"date":"2019-08-26T12:02:38","date_gmt":"2019-08-26T15:02:38","guid":{"rendered":"http:\/\/paraferro.com.br\/loja\/?post_type=product&#038;p=2099"},"modified":"2025-07-21T10:53:46","modified_gmt":"2025-07-21T13:53:46","slug":"tampa-de-ferro","status":"publish","type":"product","link":"https:\/\/paraferro.com.br\/loja\/produto\/tampa-de-ferro\/","title":{"rendered":"TAMPA DE FERRO"},"content":{"rendered":"<p><span class=\"OYPEnA font-feature-liga-off font-feature-clig-off font-feature-calt-off text-decoration-none text-strikethrough-none\">A tampa de ferro \u00e9 usada para proteger acessos subterr\u00e2neos da rede de inc\u00eandio, como v\u00e1lvulas e registros. Feita em ferro fundido, \u00e9 resistente, dur\u00e1vel e impede a entrada de sujeira ou danos, garantindo a seguran\u00e7a do sistema.<\/span><\/p>\n","protected":false},"excerpt":{"rendered":"<p>A tampa de ferro \u00e9 usada para proteger acessos subterr\u00e2neos da rede de inc\u00eandio, como v\u00e1lvulas e registros. Feita em ferro fundido, \u00e9 resistente, dur\u00e1vel e impede a entrada de sujeira ou danos, garantindo a seguran\u00e7a do sistema.<\/p>\n","protected":false},"featured_media":2100,"template":"","meta":{"_joinchat":[]},"product_brand":[],"product_cat":[268,97],"product_tag":[],"class_list":{"0":"post-2099","1":"product","2":"type-product","3":"status-publish","4":"has-post-thumbnail","6":"product_cat-rede-de-incendio","7":"product_cat-tampa-de-ferro","9":"first","10":"instock","11":"shipping-taxable","12":"purchasable","13":"product-type-variable","14":"has-default-attributes"},"_links":{"self":[{"href":"https:\/\/paraferro.com.br\/loja\/wp-json\/wp\/v2\/product\/2099","targetHints":{"allow":["GET"]}}],"collection":[{"href":"https:\/\/paraferro.com.br\/loja\/wp-json\/wp\/v2\/product"}],"about":[{"href":"https:\/\/paraferro.com.br\/loja\/wp-json\/wp\/v2\/types\/product"}],"wp:featuredmedia":[{"embeddable":true,"href":"https:\/\/paraferro.com.br\/loja\/wp-json\/wp\/v2\/media\/2100"}],"wp:attachment":[{"href":"https:\/\/paraferro.com.br\/loja\/wp-json\/wp\/v2\/media?parent=2099"}],"wp:term":[{"taxonomy":"product_brand","embeddable":true,"href":"https:\/\/paraferro.com.br\/loja\/wp-json\/wp\/v2\/product_brand?post=2099"},{"taxonomy":"product_cat","embeddable":true,"href":"https:\/\/paraferro.com.br\/loja\/wp-json\/wp\/v2\/product_cat?post=2099"},{"taxonomy":"product_tag","embeddable":true,"href":"https:\/\/paraferro.com.br\/loja\/wp-json\/wp\/v2\/product_tag?post=2099"}],"curies":[{"name":"wp","href":"https:\/\/api.w.org\/{rel}","templated":true}]}}