{"id":2098,"date":"2019-08-26T12:00:55","date_gmt":"2019-08-26T15:00:55","guid":{"rendered":"http:\/\/paraferro.com.br\/loja\/?post_type=product&#038;p=2098"},"modified":"2025-07-21T10:16:07","modified_gmt":"2025-07-21T13:16:07","slug":"reducao-p-rede-de-incendio","status":"publish","type":"product","link":"https:\/\/paraferro.com.br\/loja\/produto\/reducao-p-rede-de-incendio\/","title":{"rendered":"REDUCAO PARA REDE DE INC\u00caNDIO"},"content":{"rendered":"<p class=\"\" data-start=\"128\" data-end=\"424\"><span class=\"OYPEnA font-feature-liga-off font-feature-clig-off font-feature-calt-off text-decoration-none text-strikethrough-none\">A redu\u00e7\u00e3o \u00e9 usada para conectar pe\u00e7as de di\u00e2metros diferentes na rede de inc\u00eandio. Fabricada em materiais resistentes, garante veda\u00e7\u00e3o segura e compatibilidade entre mangueiras, tubos e acess\u00f3rios. \u00c9 essencial para manter a efici\u00eancia do sistema.<\/span><\/p>\n","protected":false},"excerpt":{"rendered":"<p>A redu\u00e7\u00e3o \u00e9 usada para conectar pe\u00e7as de di\u00e2metros diferentes na rede de inc\u00eandio. Fabricada em materiais resistentes, garante veda\u00e7\u00e3o segura e compatibilidade entre mangueiras, tubos e acess\u00f3rios. \u00c9 essencial para manter a efici\u00eancia do sistema.<\/p>\n","protected":false},"featured_media":16627,"template":"","meta":{"_joinchat":[]},"product_brand":[],"product_cat":[268,96],"product_tag":[],"class_list":{"0":"post-2098","1":"product","2":"type-product","3":"status-publish","4":"has-post-thumbnail","6":"product_cat-rede-de-incendio","7":"product_cat-reducao","9":"first","10":"instock","11":"shipping-taxable","12":"purchasable","13":"product-type-variable","14":"has-default-attributes"},"_links":{"self":[{"href":"https:\/\/paraferro.com.br\/loja\/wp-json\/wp\/v2\/product\/2098","targetHints":{"allow":["GET"]}}],"collection":[{"href":"https:\/\/paraferro.com.br\/loja\/wp-json\/wp\/v2\/product"}],"about":[{"href":"https:\/\/paraferro.com.br\/loja\/wp-json\/wp\/v2\/types\/product"}],"wp:featuredmedia":[{"embeddable":true,"href":"https:\/\/paraferro.com.br\/loja\/wp-json\/wp\/v2\/media\/16627"}],"wp:attachment":[{"href":"https:\/\/paraferro.com.br\/loja\/wp-json\/wp\/v2\/media?parent=2098"}],"wp:term":[{"taxonomy":"product_brand","embeddable":true,"href":"https:\/\/paraferro.com.br\/loja\/wp-json\/wp\/v2\/product_brand?post=2098"},{"taxonomy":"product_cat","embeddable":true,"href":"https:\/\/paraferro.com.br\/loja\/wp-json\/wp\/v2\/product_cat?post=2098"},{"taxonomy":"product_tag","embeddable":true,"href":"https:\/\/paraferro.com.br\/loja\/wp-json\/wp\/v2\/product_tag?post=2098"}],"curies":[{"name":"wp","href":"https:\/\/api.w.org\/{rel}","templated":true}]}}