{"id":2094,"date":"2019-08-26T11:57:20","date_gmt":"2019-08-26T14:57:20","guid":{"rendered":"http:\/\/paraferro.com.br\/loja\/?post_type=product&#038;p=2094"},"modified":"2025-07-21T10:05:39","modified_gmt":"2025-07-21T13:05:39","slug":"esguicho","status":"publish","type":"product","link":"https:\/\/paraferro.com.br\/loja\/produto\/esguicho\/","title":{"rendered":"ESGUICHO"},"content":{"rendered":"<p class=\"\" data-start=\"128\" data-end=\"433\"><span class=\"OYPEnA font-feature-liga-off font-feature-clig-off font-feature-calt-off text-decoration-none text-strikethrough-none\">O esguicho \u00e9 o acess\u00f3rio acoplado \u00e0 mangueira que direciona e controla o jato de \u00e1gua no combate ao fogo. Leve, resistente e f\u00e1cil de usar, pode ter jato reto, neblinado ou regul\u00e1vel. Essencial para garantir efici\u00eancia e seguran\u00e7a durante emerg\u00eancias.<\/span><\/p>\n","protected":false},"excerpt":{"rendered":"<p>O esguicho \u00e9 o acess\u00f3rio acoplado \u00e0 mangueira que direciona e controla o jato de \u00e1gua no combate ao fogo. Leve, resistente e f\u00e1cil de usar, pode ter jato reto, neblinado ou regul\u00e1vel. Essencial para garantir efici\u00eancia e seguran\u00e7a durante emerg\u00eancias.<\/p>\n","protected":false},"featured_media":16622,"template":"","meta":{"_joinchat":[]},"product_brand":[],"product_cat":[94,268],"product_tag":[],"class_list":{"0":"post-2094","1":"product","2":"type-product","3":"status-publish","4":"has-post-thumbnail","6":"product_cat-esguicho","7":"product_cat-rede-de-incendio","9":"first","10":"instock","11":"shipping-taxable","12":"purchasable","13":"product-type-variable"},"_links":{"self":[{"href":"https:\/\/paraferro.com.br\/loja\/wp-json\/wp\/v2\/product\/2094","targetHints":{"allow":["GET"]}}],"collection":[{"href":"https:\/\/paraferro.com.br\/loja\/wp-json\/wp\/v2\/product"}],"about":[{"href":"https:\/\/paraferro.com.br\/loja\/wp-json\/wp\/v2\/types\/product"}],"wp:featuredmedia":[{"embeddable":true,"href":"https:\/\/paraferro.com.br\/loja\/wp-json\/wp\/v2\/media\/16622"}],"wp:attachment":[{"href":"https:\/\/paraferro.com.br\/loja\/wp-json\/wp\/v2\/media?parent=2094"}],"wp:term":[{"taxonomy":"product_brand","embeddable":true,"href":"https:\/\/paraferro.com.br\/loja\/wp-json\/wp\/v2\/product_brand?post=2094"},{"taxonomy":"product_cat","embeddable":true,"href":"https:\/\/paraferro.com.br\/loja\/wp-json\/wp\/v2\/product_cat?post=2094"},{"taxonomy":"product_tag","embeddable":true,"href":"https:\/\/paraferro.com.br\/loja\/wp-json\/wp\/v2\/product_tag?post=2094"}],"curies":[{"name":"wp","href":"https:\/\/api.w.org\/{rel}","templated":true}]}}