{"id":2091,"date":"2019-08-26T11:56:41","date_gmt":"2019-08-26T14:56:41","guid":{"rendered":"http:\/\/paraferro.com.br\/loja\/?post_type=product&#038;p=2091"},"modified":"2025-05-12T10:49:57","modified_gmt":"2025-05-12T13:49:57","slug":"esguicho-fixo-jsbase-latao-tubo-latao","status":"publish","type":"product","link":"https:\/\/paraferro.com.br\/loja\/produto\/esguicho-fixo-jsbase-latao-tubo-latao\/","title":{"rendered":"ESGUICHO FIXO JSBASE LAT\u00c3O -TUBO LAT\u00c3O"},"content":{"rendered":"<p class=\"\" data-start=\"178\" data-end=\"500\">O esguicho fixo JS base \u00e9 um equipamento essencial em sistemas de combate a inc\u00eandio, projetado para fornecer um jato constante e direcionado de \u00e1gua. Fabricado inteiramente em lat\u00e3o, tanto na base quanto no tubo, garante alta durabilidade, resist\u00eancia \u00e0 press\u00e3o e excelente desempenho em ambientes prediais e industriais.<\/p>\n<p class=\"\" data-start=\"178\" data-end=\"500\"><strong data-start=\"504\" data-end=\"564\">Consultar medidas no momento da cota\u00e7\u00e3o via WhatsApp.<\/strong><\/p>\n","protected":false},"excerpt":{"rendered":"<p>O esguicho fixo JS base \u00e9 um equipamento essencial em sistemas de combate a inc\u00eandio, projetado para fornecer um jato constante e direcionado de \u00e1gua. Fabricado inteiramente em lat\u00e3o, tanto na base quanto no tubo, garante alta durabilidade, resist\u00eancia \u00e0 press\u00e3o e excelente desempenho em ambientes prediais e industriais. Consultar medidas no momento da cota\u00e7\u00e3o via WhatsApp.<\/p>\n","protected":false},"featured_media":9280,"template":"","meta":{"_joinchat":[]},"product_brand":[],"product_cat":[94,268],"product_tag":[],"class_list":{"0":"post-2091","1":"product","2":"type-product","3":"status-publish","4":"has-post-thumbnail","6":"product_cat-esguicho","7":"product_cat-rede-de-incendio","9":"first","10":"instock","11":"shipping-taxable","12":"purchasable","13":"product-type-simple"},"_links":{"self":[{"href":"https:\/\/paraferro.com.br\/loja\/wp-json\/wp\/v2\/product\/2091","targetHints":{"allow":["GET"]}}],"collection":[{"href":"https:\/\/paraferro.com.br\/loja\/wp-json\/wp\/v2\/product"}],"about":[{"href":"https:\/\/paraferro.com.br\/loja\/wp-json\/wp\/v2\/types\/product"}],"wp:featuredmedia":[{"embeddable":true,"href":"https:\/\/paraferro.com.br\/loja\/wp-json\/wp\/v2\/media\/9280"}],"wp:attachment":[{"href":"https:\/\/paraferro.com.br\/loja\/wp-json\/wp\/v2\/media?parent=2091"}],"wp:term":[{"taxonomy":"product_brand","embeddable":true,"href":"https:\/\/paraferro.com.br\/loja\/wp-json\/wp\/v2\/product_brand?post=2091"},{"taxonomy":"product_cat","embeddable":true,"href":"https:\/\/paraferro.com.br\/loja\/wp-json\/wp\/v2\/product_cat?post=2091"},{"taxonomy":"product_tag","embeddable":true,"href":"https:\/\/paraferro.com.br\/loja\/wp-json\/wp\/v2\/product_tag?post=2091"}],"curies":[{"name":"wp","href":"https:\/\/api.w.org\/{rel}","templated":true}]}}