{"id":2088,"date":"2019-08-26T11:54:03","date_gmt":"2019-08-26T14:54:03","guid":{"rendered":"http:\/\/paraferro.com.br\/loja\/?post_type=product&#038;p=2088"},"modified":"2025-07-21T09:32:33","modified_gmt":"2025-07-21T12:32:33","slug":"adaptador-storz-c-rosca","status":"publish","type":"product","link":"https:\/\/paraferro.com.br\/loja\/produto\/adaptador-storz-c-rosca\/","title":{"rendered":"ADAPTADOR STORZ C\/ROSCA"},"content":{"rendered":"<p class=\"\" data-start=\"149\" data-end=\"452\">O adaptador Storz com rosca \u00e9 utilizado para conectar sistemas de combate a inc\u00eandio, permitindo o acoplamento entre mangueiras, hidrantes e equipamentos com conex\u00f5es diferentes. Fabricado em material resistente, garante veda\u00e7\u00e3o segura e encaixe r\u00e1pido, facilitando a opera\u00e7\u00e3o em situa\u00e7\u00f5es emergenciais.<\/p>\n<p class=\"\" data-start=\"454\" data-end=\"552\">Produto essencial em instala\u00e7\u00f5es hidr\u00e1ulicas e de seguran\u00e7a, compat\u00edvel com padr\u00f5es profissionais.<\/p>\n<p data-start=\"454\" data-end=\"552\">\n","protected":false},"excerpt":{"rendered":"<p>O adaptador Storz com rosca \u00e9 utilizado para conectar sistemas de combate a inc\u00eandio, permitindo o acoplamento entre mangueiras, hidrantes e equipamentos com conex\u00f5es diferentes. Fabricado em material resistente, garante veda\u00e7\u00e3o segura e encaixe r\u00e1pido, facilitando a opera\u00e7\u00e3o em situa\u00e7\u00f5es emergenciais. Produto essencial em instala\u00e7\u00f5es hidr\u00e1ulicas e de seguran\u00e7a, compat\u00edvel com padr\u00f5es profissionais.<\/p>\n","protected":false},"featured_media":16616,"template":"","meta":{"_joinchat":[]},"product_brand":[],"product_cat":[93,268],"product_tag":[],"class_list":{"0":"post-2088","1":"product","2":"type-product","3":"status-publish","4":"has-post-thumbnail","6":"product_cat-adaptador","7":"product_cat-rede-de-incendio","9":"first","10":"instock","11":"shipping-taxable","12":"purchasable","13":"product-type-variable"},"_links":{"self":[{"href":"https:\/\/paraferro.com.br\/loja\/wp-json\/wp\/v2\/product\/2088","targetHints":{"allow":["GET"]}}],"collection":[{"href":"https:\/\/paraferro.com.br\/loja\/wp-json\/wp\/v2\/product"}],"about":[{"href":"https:\/\/paraferro.com.br\/loja\/wp-json\/wp\/v2\/types\/product"}],"wp:featuredmedia":[{"embeddable":true,"href":"https:\/\/paraferro.com.br\/loja\/wp-json\/wp\/v2\/media\/16616"}],"wp:attachment":[{"href":"https:\/\/paraferro.com.br\/loja\/wp-json\/wp\/v2\/media?parent=2088"}],"wp:term":[{"taxonomy":"product_brand","embeddable":true,"href":"https:\/\/paraferro.com.br\/loja\/wp-json\/wp\/v2\/product_brand?post=2088"},{"taxonomy":"product_cat","embeddable":true,"href":"https:\/\/paraferro.com.br\/loja\/wp-json\/wp\/v2\/product_cat?post=2088"},{"taxonomy":"product_tag","embeddable":true,"href":"https:\/\/paraferro.com.br\/loja\/wp-json\/wp\/v2\/product_tag?post=2088"}],"curies":[{"name":"wp","href":"https:\/\/api.w.org\/{rel}","templated":true}]}}