{"id":2074,"date":"2019-08-26T11:39:48","date_gmt":"2019-08-26T14:39:48","guid":{"rendered":"http:\/\/paraferro.com.br\/loja\/produto\/telha-termoacustica-trapezoidal-eps-30mm\/"},"modified":"2025-06-09T15:19:39","modified_gmt":"2025-06-09T18:19:39","slug":"telha-eps","status":"publish","type":"product","link":"https:\/\/paraferro.com.br\/loja\/produto\/telha-eps\/","title":{"rendered":"Telhas EPS"},"content":{"rendered":"<p><span class=\"OYPEnA font-feature-liga-off font-feature-clig-off font-feature-calt-off text-decoration-none text-strikethrough-none\">As telhas EPS s\u00e3o ideais para o isolamento t\u00e9rmico e ac\u00fastico de obras comerciais, industriais e residenciais. Podem ser utilizadas em ambientes com altas ou baixas temperaturas &#8211; atendendo \u00e0s varia\u00e7\u00f5es clim\u00e1ticas do pa\u00eds e proporcionando grande conforto t\u00e9rmico ao ambiente.<\/span><\/p>\n<p><strong>Medidas:<\/strong><\/p>\n<div>\n<table style=\"height: 79px;\" width=\"747\">\n<tbody>\n<tr>\n<td style=\"text-align: center;\">Peso<\/td>\n<td style=\"text-align: center;\">Tamanho<\/td>\n<td>Obs<\/td>\n<\/tr>\n<tr>\n<td><span class=\"OYPEnA font-feature-liga-off font-feature-clig-off font-feature-calt-off text-decoration-none text-strikethrough-none\">Aproximadamente entre 30 e 32 kg.<\/span><\/td>\n<td><span class=\"OYPEnA font-feature-liga-off font-feature-clig-off font-feature-calt-off text-decoration-none text-strikethrough-none\">Geralmente t\u00eam comprimento de 6 metros, com larguras 1,20 metros. A espessura costuma variar entre 0,43 mm e 0,80 mm.<\/span><\/td>\n<td><span class=\"OYPEnA font-feature-liga-off font-feature-clig-off font-feature-calt-off text-decoration-none text-strikethrough-none\">O telha EPS \u00e9 no modelo Trapezoidal<\/span><\/td>\n<\/tr>\n<\/tbody>\n<\/table>\n<\/div>\n","protected":false},"excerpt":{"rendered":"<p>As telhas EPS s\u00e3o ideais para o isolamento t\u00e9rmico e ac\u00fastico de obras comerciais, industriais e residenciais. Podem ser utilizadas em ambientes com altas ou baixas temperaturas &#8211; atendendo \u00e0s varia\u00e7\u00f5es clim\u00e1ticas do pa\u00eds e proporcionando grande conforto t\u00e9rmico ao ambiente. Medidas: Peso Tamanho Obs Aproximadamente entre 30 e 32 kg. Geralmente t\u00eam comprimento de 6 metros, com larguras 1,20 metros. A espessura costuma variar entre 0,43 mm e 0,80 mm. O telha EPS \u00e9 no modelo Trapezoidal<\/p>\n","protected":false},"featured_media":14270,"template":"","meta":{"_joinchat":[]},"product_brand":[],"product_cat":[122],"product_tag":[],"class_list":{"0":"post-2074","1":"product","2":"type-product","3":"status-publish","4":"has-post-thumbnail","6":"product_cat-telhas","8":"first","9":"instock","10":"shipping-taxable","11":"purchasable","12":"product-type-variable","13":"has-default-attributes"},"_links":{"self":[{"href":"https:\/\/paraferro.com.br\/loja\/wp-json\/wp\/v2\/product\/2074","targetHints":{"allow":["GET"]}}],"collection":[{"href":"https:\/\/paraferro.com.br\/loja\/wp-json\/wp\/v2\/product"}],"about":[{"href":"https:\/\/paraferro.com.br\/loja\/wp-json\/wp\/v2\/types\/product"}],"wp:featuredmedia":[{"embeddable":true,"href":"https:\/\/paraferro.com.br\/loja\/wp-json\/wp\/v2\/media\/14270"}],"wp:attachment":[{"href":"https:\/\/paraferro.com.br\/loja\/wp-json\/wp\/v2\/media?parent=2074"}],"wp:term":[{"taxonomy":"product_brand","embeddable":true,"href":"https:\/\/paraferro.com.br\/loja\/wp-json\/wp\/v2\/product_brand?post=2074"},{"taxonomy":"product_cat","embeddable":true,"href":"https:\/\/paraferro.com.br\/loja\/wp-json\/wp\/v2\/product_cat?post=2074"},{"taxonomy":"product_tag","embeddable":true,"href":"https:\/\/paraferro.com.br\/loja\/wp-json\/wp\/v2\/product_tag?post=2074"}],"curies":[{"name":"wp","href":"https:\/\/api.w.org\/{rel}","templated":true}]}}