{"id":2063,"date":"2019-08-26T11:39:46","date_gmt":"2019-08-26T14:39:46","guid":{"rendered":"http:\/\/paraferro.com.br\/loja\/produto\/perfil-u-simples-200-x-50-x-475-x-6mts\/"},"modified":"2025-06-09T15:37:24","modified_gmt":"2025-06-09T18:37:24","slug":"perfil-u","status":"publish","type":"product","link":"https:\/\/paraferro.com.br\/loja\/produto\/perfil-u\/","title":{"rendered":"PERFIL U"},"content":{"rendered":"<p><span class=\"OYPEnA font-feature-liga-off font-feature-clig-off font-feature-calt-off text-decoration-none text-strikethrough-none\">O perfil U como tamb\u00e9m \u00e9 conhecido apresenta se\u00e7\u00e3o transversal em forma de \u201cU\u201d s\u00e3o produzidas com a\u00e7o de baixo teor de carbono, a principal fun\u00e7\u00e3o desse perfil \u00e9 o enter\u00e7amento, seja para suporte de apoio, seja para receber coberturas e outros tipos de estruturas que ser\u00e3o fixadas nele. Essa pe\u00e7a met\u00e1lica normalmente \u00e9 utilizada em edifica\u00e7\u00f5es que necessitem de grande resist\u00eancia estrutural.<\/span><\/p>\n<p>&nbsp;<\/p>\n","protected":false},"excerpt":{"rendered":"<p>O perfil U como tamb\u00e9m \u00e9 conhecido apresenta se\u00e7\u00e3o transversal em forma de \u201cU\u201d s\u00e3o produzidas com a\u00e7o de baixo teor de carbono, a principal fun\u00e7\u00e3o desse perfil \u00e9 o enter\u00e7amento, seja para suporte de apoio, seja para receber coberturas e outros tipos de estruturas que ser\u00e3o fixadas nele. Essa pe\u00e7a met\u00e1lica normalmente \u00e9 utilizada em edifica\u00e7\u00f5es que necessitem de grande resist\u00eancia estrutural. &nbsp;<\/p>\n","protected":false},"featured_media":14408,"template":"","meta":{"_joinchat":[]},"product_brand":[],"product_cat":[285],"product_tag":[],"class_list":{"0":"post-2063","1":"product","2":"type-product","3":"status-publish","4":"has-post-thumbnail","6":"product_cat-perfil","8":"first","9":"instock","10":"shipping-taxable","11":"purchasable","12":"product-type-variable"},"_links":{"self":[{"href":"https:\/\/paraferro.com.br\/loja\/wp-json\/wp\/v2\/product\/2063","targetHints":{"allow":["GET"]}}],"collection":[{"href":"https:\/\/paraferro.com.br\/loja\/wp-json\/wp\/v2\/product"}],"about":[{"href":"https:\/\/paraferro.com.br\/loja\/wp-json\/wp\/v2\/types\/product"}],"wp:featuredmedia":[{"embeddable":true,"href":"https:\/\/paraferro.com.br\/loja\/wp-json\/wp\/v2\/media\/14408"}],"wp:attachment":[{"href":"https:\/\/paraferro.com.br\/loja\/wp-json\/wp\/v2\/media?parent=2063"}],"wp:term":[{"taxonomy":"product_brand","embeddable":true,"href":"https:\/\/paraferro.com.br\/loja\/wp-json\/wp\/v2\/product_brand?post=2063"},{"taxonomy":"product_cat","embeddable":true,"href":"https:\/\/paraferro.com.br\/loja\/wp-json\/wp\/v2\/product_cat?post=2063"},{"taxonomy":"product_tag","embeddable":true,"href":"https:\/\/paraferro.com.br\/loja\/wp-json\/wp\/v2\/product_tag?post=2063"}],"curies":[{"name":"wp","href":"https:\/\/api.w.org\/{rel}","templated":true}]}}