{"id":2062,"date":"2019-08-26T11:39:46","date_gmt":"2019-08-26T14:39:46","guid":{"rendered":"http:\/\/paraferro.com.br\/loja\/produto\/perfil-u-simples-200-x-50-x-300mm-x-6mt\/"},"modified":"2025-06-09T16:14:05","modified_gmt":"2025-06-09T19:14:05","slug":"perfil-i","status":"publish","type":"product","link":"https:\/\/paraferro.com.br\/loja\/produto\/perfil-i\/","title":{"rendered":"PERFIL I"},"content":{"rendered":"<p><span class=\"OYPEnA font-feature-liga-off font-feature-clig-off font-feature-calt-off text-decoration-none text-strikethrough-none\">O perfil I, com abas internas inclinadas, oferece alta in\u00e9rcia e resist\u00eancia, reduzindo o peso das estruturas, aumentando a efici\u00eancia e diminuindo custos. Resistente \u00e0 corros\u00e3o atmosf\u00e9rica, \u00e9 amplamente utilizado em vigas, escoramentos, estruturas de sustenta\u00e7\u00e3o e acabamentos estruturais.<\/span><\/p>\n<p>&nbsp;<\/p>\n","protected":false},"excerpt":{"rendered":"<p>O perfil I, com abas internas inclinadas, oferece alta in\u00e9rcia e resist\u00eancia, reduzindo o peso das estruturas, aumentando a efici\u00eancia e diminuindo custos. Resistente \u00e0 corros\u00e3o atmosf\u00e9rica, \u00e9 amplamente utilizado em vigas, escoramentos, estruturas de sustenta\u00e7\u00e3o e acabamentos estruturais. &nbsp;<\/p>\n","protected":false},"featured_media":14048,"template":"","meta":{"_joinchat":[]},"product_brand":[],"product_cat":[16,285,245],"product_tag":[],"class_list":{"0":"post-2062","1":"product","2":"type-product","3":"status-publish","4":"has-post-thumbnail","6":"product_cat-construcao-naval","7":"product_cat-perfil","8":"product_cat-perfil-i-w","10":"first","11":"instock","12":"shipping-taxable","13":"purchasable","14":"product-type-variable"},"_links":{"self":[{"href":"https:\/\/paraferro.com.br\/loja\/wp-json\/wp\/v2\/product\/2062","targetHints":{"allow":["GET"]}}],"collection":[{"href":"https:\/\/paraferro.com.br\/loja\/wp-json\/wp\/v2\/product"}],"about":[{"href":"https:\/\/paraferro.com.br\/loja\/wp-json\/wp\/v2\/types\/product"}],"wp:featuredmedia":[{"embeddable":true,"href":"https:\/\/paraferro.com.br\/loja\/wp-json\/wp\/v2\/media\/14048"}],"wp:attachment":[{"href":"https:\/\/paraferro.com.br\/loja\/wp-json\/wp\/v2\/media?parent=2062"}],"wp:term":[{"taxonomy":"product_brand","embeddable":true,"href":"https:\/\/paraferro.com.br\/loja\/wp-json\/wp\/v2\/product_brand?post=2062"},{"taxonomy":"product_cat","embeddable":true,"href":"https:\/\/paraferro.com.br\/loja\/wp-json\/wp\/v2\/product_cat?post=2062"},{"taxonomy":"product_tag","embeddable":true,"href":"https:\/\/paraferro.com.br\/loja\/wp-json\/wp\/v2\/product_tag?post=2062"}],"curies":[{"name":"wp","href":"https:\/\/api.w.org\/{rel}","templated":true}]}}