{"id":1994,"date":"2019-08-26T11:26:17","date_gmt":"2019-08-26T14:26:17","guid":{"rendered":"http:\/\/paraferro.com.br\/loja\/?post_type=product&#038;p=1994"},"modified":"2025-09-01T17:05:55","modified_gmt":"2025-09-01T20:05:55","slug":"cumeeira-galvalume","status":"publish","type":"product","link":"https:\/\/paraferro.com.br\/loja\/produto\/cumeeira-galvalume\/","title":{"rendered":"CUMEEIRA GALVALUME"},"content":{"rendered":"<p><span class=\"OYPEnA font-feature-liga-off font-feature-clig-off font-feature-calt-off text-decoration-none text-strikethrough-none\">\u00c9 a pe\u00e7a respons\u00e1vel por fazer a cobertura dos encontros de \u00e1guas no telhado, a cumeeira possui maior resist\u00eancia por ser galvanizada. A pe\u00e7a previne infiltra\u00e7\u00f5es, impede a entrada de animais e refor\u00e7a a estrutura do telhado. Tr40 0,43 mm<\/span><\/p>\n<div><\/div>\n","protected":false},"excerpt":{"rendered":"<p>\u00c9 a pe\u00e7a respons\u00e1vel por fazer a cobertura dos encontros de \u00e1guas no telhado, a cumeeira possui maior resist\u00eancia por ser galvanizada. A pe\u00e7a previne infiltra\u00e7\u00f5es, impede a entrada de animais e refor\u00e7a a estrutura do telhado. Tr40 0,43 mm<\/p>\n","protected":false},"featured_media":14283,"template":"","meta":{"_joinchat":[]},"product_brand":[],"product_cat":[123],"product_tag":[],"class_list":{"0":"post-1994","1":"product","2":"type-product","3":"status-publish","4":"has-post-thumbnail","6":"product_cat-cumieira","8":"first","9":"instock","10":"shipping-taxable","11":"purchasable","12":"product-type-simple"},"_links":{"self":[{"href":"https:\/\/paraferro.com.br\/loja\/wp-json\/wp\/v2\/product\/1994","targetHints":{"allow":["GET"]}}],"collection":[{"href":"https:\/\/paraferro.com.br\/loja\/wp-json\/wp\/v2\/product"}],"about":[{"href":"https:\/\/paraferro.com.br\/loja\/wp-json\/wp\/v2\/types\/product"}],"wp:featuredmedia":[{"embeddable":true,"href":"https:\/\/paraferro.com.br\/loja\/wp-json\/wp\/v2\/media\/14283"}],"wp:attachment":[{"href":"https:\/\/paraferro.com.br\/loja\/wp-json\/wp\/v2\/media?parent=1994"}],"wp:term":[{"taxonomy":"product_brand","embeddable":true,"href":"https:\/\/paraferro.com.br\/loja\/wp-json\/wp\/v2\/product_brand?post=1994"},{"taxonomy":"product_cat","embeddable":true,"href":"https:\/\/paraferro.com.br\/loja\/wp-json\/wp\/v2\/product_cat?post=1994"},{"taxonomy":"product_tag","embeddable":true,"href":"https:\/\/paraferro.com.br\/loja\/wp-json\/wp\/v2\/product_tag?post=1994"}],"curies":[{"name":"wp","href":"https:\/\/api.w.org\/{rel}","templated":true}]}}