{"id":1988,"date":"2019-08-26T11:21:01","date_gmt":"2019-08-26T14:21:01","guid":{"rendered":"http:\/\/paraferro.com.br\/loja\/?post_type=product&#038;p=1988"},"modified":"2025-06-09T15:12:19","modified_gmt":"2025-06-09T18:12:19","slug":"perfil-encaixe","status":"publish","type":"product","link":"https:\/\/paraferro.com.br\/loja\/produto\/perfil-encaixe\/","title":{"rendered":"PERFIL ENCAIXE"},"content":{"rendered":"<p><span class=\"OYPEnA font-feature-liga-off font-feature-clig-off font-feature-calt-off text-decoration-none text-strikethrough-none\">Frequentemente \u00e9 utilizado em estruturas met\u00e1licas, como vigas e pilares, em coberturas met\u00e1licas, em suportes de tubula\u00e7\u00f5es, em escadas e mezaninos, entre outros.<\/span><\/p>\n<div><\/div>\n","protected":false},"excerpt":{"rendered":"<p>Frequentemente \u00e9 utilizado em estruturas met\u00e1licas, como vigas e pilares, em coberturas met\u00e1licas, em suportes de tubula\u00e7\u00f5es, em escadas e mezaninos, entre outros.<\/p>\n","protected":false},"featured_media":14392,"template":"","meta":{"_joinchat":[]},"product_brand":[],"product_cat":[285],"product_tag":[],"class_list":{"0":"post-1988","1":"product","2":"type-product","3":"status-publish","4":"has-post-thumbnail","6":"product_cat-perfil","8":"first","9":"instock","10":"shipping-taxable","11":"purchasable","12":"product-type-variable"},"_links":{"self":[{"href":"https:\/\/paraferro.com.br\/loja\/wp-json\/wp\/v2\/product\/1988","targetHints":{"allow":["GET"]}}],"collection":[{"href":"https:\/\/paraferro.com.br\/loja\/wp-json\/wp\/v2\/product"}],"about":[{"href":"https:\/\/paraferro.com.br\/loja\/wp-json\/wp\/v2\/types\/product"}],"wp:featuredmedia":[{"embeddable":true,"href":"https:\/\/paraferro.com.br\/loja\/wp-json\/wp\/v2\/media\/14392"}],"wp:attachment":[{"href":"https:\/\/paraferro.com.br\/loja\/wp-json\/wp\/v2\/media?parent=1988"}],"wp:term":[{"taxonomy":"product_brand","embeddable":true,"href":"https:\/\/paraferro.com.br\/loja\/wp-json\/wp\/v2\/product_brand?post=1988"},{"taxonomy":"product_cat","embeddable":true,"href":"https:\/\/paraferro.com.br\/loja\/wp-json\/wp\/v2\/product_cat?post=1988"},{"taxonomy":"product_tag","embeddable":true,"href":"https:\/\/paraferro.com.br\/loja\/wp-json\/wp\/v2\/product_tag?post=1988"}],"curies":[{"name":"wp","href":"https:\/\/api.w.org\/{rel}","templated":true}]}}