{"id":1891,"date":"2019-08-26T11:17:15","date_gmt":"2019-08-26T14:17:15","guid":{"rendered":"http:\/\/paraferro.com.br\/loja\/produto\/barra-trefilada-redonda-sae-1020-4-10160mm-6mts\/"},"modified":"2025-06-09T16:12:01","modified_gmt":"2025-06-09T19:12:01","slug":"barra-trefilada-redonda","status":"publish","type":"product","link":"https:\/\/paraferro.com.br\/loja\/produto\/barra-trefilada-redonda\/","title":{"rendered":"BARRA TREFILADA REDONDA"},"content":{"rendered":"<p><span class=\"OYPEnA font-feature-liga-off font-feature-clig-off font-feature-calt-off text-decoration-none text-strikethrough-none\">A barra de a\u00e7o trefilada \u00e9 um produto sider\u00fargico obtido pelo processo de trefila\u00e7\u00e3o, onde uma barra laminada a quente \u00e9 puxada a frio atrav\u00e9s de uma matriz, reduzindo sua se\u00e7\u00e3o e aumentando seu comprimento. O a\u00e7o SAE 1020 \u00e9 um a\u00e7o carbono simples, com cerca de 0,20% de carbono, sendo de baixa dureza, boa ductilidade e excelente soldabilidade. Suas propriedades tornam-no ideal para aplica\u00e7\u00f5es que n\u00e3o exigem alta resist\u00eancia, garantindo facilidade de usinagem e conforma\u00e7\u00e3o.<\/span><\/p>\n","protected":false},"excerpt":{"rendered":"<p>A barra de a\u00e7o trefilada \u00e9 um produto sider\u00fargico obtido pelo processo de trefila\u00e7\u00e3o, onde uma barra laminada a quente \u00e9 puxada a frio atrav\u00e9s de uma matriz, reduzindo sua se\u00e7\u00e3o e aumentando seu comprimento. O a\u00e7o SAE 1020 \u00e9 um a\u00e7o carbono simples, com cerca de 0,20% de carbono, sendo de baixa dureza, boa ductilidade e excelente soldabilidade. Suas propriedades tornam-no ideal para aplica\u00e7\u00f5es que n\u00e3o exigem alta resist\u00eancia, garantindo facilidade de usinagem e conforma\u00e7\u00e3o.<\/p>\n","protected":false},"featured_media":1869,"template":"","meta":{"_joinchat":[]},"product_brand":[],"product_cat":[237],"product_tag":[],"class_list":{"0":"post-1891","1":"product","2":"type-product","3":"status-publish","4":"has-post-thumbnail","6":"product_cat-barra-trefilada","8":"first","9":"instock","10":"shipping-taxable","11":"purchasable","12":"product-type-variable"},"_links":{"self":[{"href":"https:\/\/paraferro.com.br\/loja\/wp-json\/wp\/v2\/product\/1891","targetHints":{"allow":["GET"]}}],"collection":[{"href":"https:\/\/paraferro.com.br\/loja\/wp-json\/wp\/v2\/product"}],"about":[{"href":"https:\/\/paraferro.com.br\/loja\/wp-json\/wp\/v2\/types\/product"}],"wp:featuredmedia":[{"embeddable":true,"href":"https:\/\/paraferro.com.br\/loja\/wp-json\/wp\/v2\/media\/1869"}],"wp:attachment":[{"href":"https:\/\/paraferro.com.br\/loja\/wp-json\/wp\/v2\/media?parent=1891"}],"wp:term":[{"taxonomy":"product_brand","embeddable":true,"href":"https:\/\/paraferro.com.br\/loja\/wp-json\/wp\/v2\/product_brand?post=1891"},{"taxonomy":"product_cat","embeddable":true,"href":"https:\/\/paraferro.com.br\/loja\/wp-json\/wp\/v2\/product_cat?post=1891"},{"taxonomy":"product_tag","embeddable":true,"href":"https:\/\/paraferro.com.br\/loja\/wp-json\/wp\/v2\/product_tag?post=1891"}],"curies":[{"name":"wp","href":"https:\/\/api.w.org\/{rel}","templated":true}]}}