{"id":1865,"date":"2019-08-26T10:53:54","date_gmt":"2019-08-26T13:53:54","guid":{"rendered":"http:\/\/paraferro.com.br\/loja\/produto\/chapa-inox-fosca-304-ch-1-8-3mm-2-x-125\/"},"modified":"2025-05-19T09:37:01","modified_gmt":"2025-05-19T12:37:01","slug":"chapa-inox","status":"publish","type":"product","link":"https:\/\/paraferro.com.br\/loja\/produto\/chapa-inox\/","title":{"rendered":"CHAPA INOX"},"content":{"rendered":"<p><span class=\"OYPEnA font-feature-liga-off font-feature-clig-off font-feature-calt-off text-decoration-none text-strikethrough-none\">A chapa inox \u00e9 um material resistente \u00e0 corros\u00e3o, dur\u00e1vel e higi\u00eanico, ideal para diversos setores. \u00c9 amplamente usada na ind\u00fastria aliment\u00edcia, constru\u00e7\u00e3o civil, automotiva e naval. Os tipos mais comuns s\u00e3o o AISI 304 (uso geral) e o AISI 316 (alta resist\u00eancia \u00e0 corros\u00e3o). Sua escolha depende do ambiente e da aplica\u00e7\u00e3o desejada.<\/span><\/p>\n","protected":false},"excerpt":{"rendered":"<p>A chapa inox \u00e9 um material resistente \u00e0 corros\u00e3o, dur\u00e1vel e higi\u00eanico, ideal para diversos setores. \u00c9 amplamente usada na ind\u00fastria aliment\u00edcia, constru\u00e7\u00e3o civil, automotiva e naval. Os tipos mais comuns s\u00e3o o AISI 304 (uso geral) e o AISI 316 (alta resist\u00eancia \u00e0 corros\u00e3o). Sua escolha depende do ambiente e da aplica\u00e7\u00e3o desejada.<\/p>\n","protected":false},"featured_media":14091,"template":"","meta":{"_joinchat":[]},"product_brand":[],"product_cat":[117,20],"product_tag":[],"class_list":{"0":"post-1865","1":"product","2":"type-product","3":"status-publish","4":"has-post-thumbnail","6":"product_cat-chapa-inox","7":"product_cat-inoxidavel","9":"first","10":"instock","11":"shipping-taxable","12":"purchasable","13":"product-type-variable"},"_links":{"self":[{"href":"https:\/\/paraferro.com.br\/loja\/wp-json\/wp\/v2\/product\/1865","targetHints":{"allow":["GET"]}}],"collection":[{"href":"https:\/\/paraferro.com.br\/loja\/wp-json\/wp\/v2\/product"}],"about":[{"href":"https:\/\/paraferro.com.br\/loja\/wp-json\/wp\/v2\/types\/product"}],"wp:featuredmedia":[{"embeddable":true,"href":"https:\/\/paraferro.com.br\/loja\/wp-json\/wp\/v2\/media\/14091"}],"wp:attachment":[{"href":"https:\/\/paraferro.com.br\/loja\/wp-json\/wp\/v2\/media?parent=1865"}],"wp:term":[{"taxonomy":"product_brand","embeddable":true,"href":"https:\/\/paraferro.com.br\/loja\/wp-json\/wp\/v2\/product_brand?post=1865"},{"taxonomy":"product_cat","embeddable":true,"href":"https:\/\/paraferro.com.br\/loja\/wp-json\/wp\/v2\/product_cat?post=1865"},{"taxonomy":"product_tag","embeddable":true,"href":"https:\/\/paraferro.com.br\/loja\/wp-json\/wp\/v2\/product_tag?post=1865"}],"curies":[{"name":"wp","href":"https:\/\/api.w.org\/{rel}","templated":true}]}}