{"id":1831,"date":"2019-08-26T10:53:49","date_gmt":"2019-08-26T13:53:49","guid":{"rendered":"http:\/\/paraferro.com.br\/loja\/produto\/cantoneira-inox-1-1-4x-1-8-304\/"},"modified":"2025-05-19T10:08:29","modified_gmt":"2025-05-19T13:08:29","slug":"cantoneira-inox","status":"publish","type":"product","link":"https:\/\/paraferro.com.br\/loja\/produto\/cantoneira-inox\/","title":{"rendered":"CANTONEIRA INOX"},"content":{"rendered":"<p><span class=\"OYPEnA font-feature-liga-off font-feature-clig-off font-feature-calt-off text-decoration-none text-strikethrough-none\">As cantoneiras inox s\u00e3o pe\u00e7as met\u00e1licas fabricadas a partir de a\u00e7o inoxid\u00e1vel. Elas s\u00e3o utilizadas em uma ampla variedade de aplica\u00e7\u00f5es, como estruturas met\u00e1licas, refor\u00e7os e acabamentos, devido \u00e0 sua resist\u00eancia \u00e0 corros\u00e3o e \u00e0 sua durabilidade em condi\u00e7\u00f5es adversas.<\/span><\/p>\n","protected":false},"excerpt":{"rendered":"<p>As cantoneiras inox s\u00e3o pe\u00e7as met\u00e1licas fabricadas a partir de a\u00e7o inoxid\u00e1vel. Elas s\u00e3o utilizadas em uma ampla variedade de aplica\u00e7\u00f5es, como estruturas met\u00e1licas, refor\u00e7os e acabamentos, devido \u00e0 sua resist\u00eancia \u00e0 corros\u00e3o e \u00e0 sua durabilidade em condi\u00e7\u00f5es adversas.<\/p>\n","protected":false},"featured_media":15659,"template":"","meta":{"_joinchat":[]},"product_brand":[],"product_cat":[116],"product_tag":[],"class_list":{"0":"post-1831","1":"product","2":"type-product","3":"status-publish","4":"has-post-thumbnail","6":"product_cat-cantoneira-inox","8":"first","9":"instock","10":"shipping-taxable","11":"purchasable","12":"product-type-variable"},"_links":{"self":[{"href":"https:\/\/paraferro.com.br\/loja\/wp-json\/wp\/v2\/product\/1831","targetHints":{"allow":["GET"]}}],"collection":[{"href":"https:\/\/paraferro.com.br\/loja\/wp-json\/wp\/v2\/product"}],"about":[{"href":"https:\/\/paraferro.com.br\/loja\/wp-json\/wp\/v2\/types\/product"}],"wp:featuredmedia":[{"embeddable":true,"href":"https:\/\/paraferro.com.br\/loja\/wp-json\/wp\/v2\/media\/15659"}],"wp:attachment":[{"href":"https:\/\/paraferro.com.br\/loja\/wp-json\/wp\/v2\/media?parent=1831"}],"wp:term":[{"taxonomy":"product_brand","embeddable":true,"href":"https:\/\/paraferro.com.br\/loja\/wp-json\/wp\/v2\/product_brand?post=1831"},{"taxonomy":"product_cat","embeddable":true,"href":"https:\/\/paraferro.com.br\/loja\/wp-json\/wp\/v2\/product_cat?post=1831"},{"taxonomy":"product_tag","embeddable":true,"href":"https:\/\/paraferro.com.br\/loja\/wp-json\/wp\/v2\/product_tag?post=1831"}],"curies":[{"name":"wp","href":"https:\/\/api.w.org\/{rel}","templated":true}]}}