{"id":1825,"date":"2019-08-26T10:53:48","date_gmt":"2019-08-26T13:53:48","guid":{"rendered":"http:\/\/paraferro.com.br\/loja\/produto\/barra-chata-inox-1-1-2-x-3-16-304-580m\/"},"modified":"2025-05-19T08:30:15","modified_gmt":"2025-05-19T11:30:15","slug":"barra-chata-inox","status":"publish","type":"product","link":"https:\/\/paraferro.com.br\/loja\/produto\/barra-chata-inox\/","title":{"rendered":"BARRA CHATA INOX"},"content":{"rendered":"<p><span class=\"OYPEnA font-feature-liga-off font-feature-clig-off font-feature-calt-off text-decoration-none text-strikethrough-none\">A barra chata inox \u00e9 um produto met\u00e1lico de formato retangular e superf\u00edcie plana, vers\u00e1til e resistente. Suas principais vantagens incluem facilidade de corte e soldagem, alta durabilidade e disponibilidade em diversos tamanhos.<\/span><\/p>\n","protected":false},"excerpt":{"rendered":"<p>A barra chata inox \u00e9 um produto met\u00e1lico de formato retangular e superf\u00edcie plana, vers\u00e1til e resistente. Suas principais vantagens incluem facilidade de corte e soldagem, alta durabilidade e disponibilidade em diversos tamanhos.<\/p>\n","protected":false},"featured_media":14967,"template":"","meta":{"_joinchat":[]},"product_brand":[],"product_cat":[115,20],"product_tag":[],"class_list":{"0":"post-1825","1":"product","2":"type-product","3":"status-publish","4":"has-post-thumbnail","6":"product_cat-barra-chata-inox","7":"product_cat-inoxidavel","9":"first","10":"instock","11":"shipping-taxable","12":"purchasable","13":"product-type-variable"},"_links":{"self":[{"href":"https:\/\/paraferro.com.br\/loja\/wp-json\/wp\/v2\/product\/1825","targetHints":{"allow":["GET"]}}],"collection":[{"href":"https:\/\/paraferro.com.br\/loja\/wp-json\/wp\/v2\/product"}],"about":[{"href":"https:\/\/paraferro.com.br\/loja\/wp-json\/wp\/v2\/types\/product"}],"wp:featuredmedia":[{"embeddable":true,"href":"https:\/\/paraferro.com.br\/loja\/wp-json\/wp\/v2\/media\/14967"}],"wp:attachment":[{"href":"https:\/\/paraferro.com.br\/loja\/wp-json\/wp\/v2\/media?parent=1825"}],"wp:term":[{"taxonomy":"product_brand","embeddable":true,"href":"https:\/\/paraferro.com.br\/loja\/wp-json\/wp\/v2\/product_brand?post=1825"},{"taxonomy":"product_cat","embeddable":true,"href":"https:\/\/paraferro.com.br\/loja\/wp-json\/wp\/v2\/product_cat?post=1825"},{"taxonomy":"product_tag","embeddable":true,"href":"https:\/\/paraferro.com.br\/loja\/wp-json\/wp\/v2\/product_tag?post=1825"}],"curies":[{"name":"wp","href":"https:\/\/api.w.org\/{rel}","templated":true}]}}