{"id":1794,"date":"2019-08-26T10:53:44","date_gmt":"2019-08-26T13:53:44","guid":{"rendered":"http:\/\/paraferro.com.br\/loja\/produto\/porca-inox-5-16-aco-304\/"},"modified":"2025-05-19T08:22:21","modified_gmt":"2025-05-19T11:22:21","slug":"porca-inox","status":"publish","type":"product","link":"https:\/\/paraferro.com.br\/loja\/produto\/porca-inox\/","title":{"rendered":"PORCA INOX"},"content":{"rendered":"<p><span class=\"OYPEnA font-feature-liga-off font-feature-clig-off font-feature-calt-off text-decoration-none text-strikethrough-none\">A porca de inox \u00e9 um componente amplamente utilizado em fixa\u00e7\u00f5es devido \u00e0 sua resist\u00eancia \u00e0 corros\u00e3o, durabilidade e est\u00e9tica. Fabricada em a\u00e7o inoxid\u00e1vel, ela \u00e9 ideal para aplica\u00e7\u00f5es em ambientes \u00famidos, mar\u00edtimos, industriais e aliment\u00edcios, onde a oxida\u00e7\u00e3o pode comprometer materiais comuns.<\/span><\/p>\n","protected":false},"excerpt":{"rendered":"<p>A porca de inox \u00e9 um componente amplamente utilizado em fixa\u00e7\u00f5es devido \u00e0 sua resist\u00eancia \u00e0 corros\u00e3o, durabilidade e est\u00e9tica. Fabricada em a\u00e7o inoxid\u00e1vel, ela \u00e9 ideal para aplica\u00e7\u00f5es em ambientes \u00famidos, mar\u00edtimos, industriais e aliment\u00edcios, onde a oxida\u00e7\u00e3o pode comprometer materiais comuns.<\/p>\n","protected":false},"featured_media":15093,"template":"","meta":{"_joinchat":[]},"product_brand":[],"product_cat":[20,113],"product_tag":[],"class_list":{"0":"post-1794","1":"product","2":"type-product","3":"status-publish","4":"has-post-thumbnail","6":"product_cat-inoxidavel","7":"product_cat-porca-inox","9":"first","10":"instock","11":"shipping-taxable","12":"purchasable","13":"product-type-variable","14":"has-default-attributes"},"_links":{"self":[{"href":"https:\/\/paraferro.com.br\/loja\/wp-json\/wp\/v2\/product\/1794","targetHints":{"allow":["GET"]}}],"collection":[{"href":"https:\/\/paraferro.com.br\/loja\/wp-json\/wp\/v2\/product"}],"about":[{"href":"https:\/\/paraferro.com.br\/loja\/wp-json\/wp\/v2\/types\/product"}],"wp:featuredmedia":[{"embeddable":true,"href":"https:\/\/paraferro.com.br\/loja\/wp-json\/wp\/v2\/media\/15093"}],"wp:attachment":[{"href":"https:\/\/paraferro.com.br\/loja\/wp-json\/wp\/v2\/media?parent=1794"}],"wp:term":[{"taxonomy":"product_brand","embeddable":true,"href":"https:\/\/paraferro.com.br\/loja\/wp-json\/wp\/v2\/product_brand?post=1794"},{"taxonomy":"product_cat","embeddable":true,"href":"https:\/\/paraferro.com.br\/loja\/wp-json\/wp\/v2\/product_cat?post=1794"},{"taxonomy":"product_tag","embeddable":true,"href":"https:\/\/paraferro.com.br\/loja\/wp-json\/wp\/v2\/product_tag?post=1794"}],"curies":[{"name":"wp","href":"https:\/\/api.w.org\/{rel}","templated":true}]}}