{"id":1774,"date":"2019-08-26T10:23:23","date_gmt":"2019-08-26T13:23:23","guid":{"rendered":"http:\/\/paraferro.com.br\/loja\/produto\/arruela-inox-304-1-4-2\/"},"modified":"2025-06-05T16:25:09","modified_gmt":"2025-06-05T19:25:09","slug":"arruela-inox","status":"publish","type":"product","link":"https:\/\/paraferro.com.br\/loja\/produto\/arruela-inox\/","title":{"rendered":"ARRUELA INOX"},"content":{"rendered":"<p><span class=\"OYPEnA font-feature-liga-off font-feature-clig-off font-feature-calt-off text-decoration-none text-strikethrough-none\">A arruela lisa em a\u00e7o inox \u00e9 um componente circular fino utilizado para distribuir a carga de um parafuso ou porca sobre uma superf\u00edcie maior. Sua principal fun\u00e7\u00e3o \u00e9 evitar o afrouxamento imprevisto no aperto do parafuso, al\u00e9m de evitar desgastes e deforma\u00e7\u00f5es das pe\u00e7as que est\u00e3o sendo fixadas.<\/span><\/p>\n<p><strong>Medidas:<\/strong><\/p>\n<div>\n<table style=\"height: 451px;\" width=\"837\">\n<tbody>\n<tr>\n<td>\n<div>\n<p><strong>Bitola<\/strong><\/p>\n<\/div>\n<\/td>\n<td>\n<div>\n<p><strong>MM<\/strong><\/p>\n<\/div>\n<\/td>\n<\/tr>\n<tr>\n<td>\n<div>\n<p>1\/4\u201d<\/p>\n<\/div>\n<\/td>\n<td>\n<div>\n<p>6.30mm<\/p>\n<\/div>\n<\/td>\n<\/tr>\n<tr>\n<td>\n<div>\n<p>5\/16\u201d<\/p>\n<\/div>\n<\/td>\n<td>\n<div>\n<p>8.00mm<\/p>\n<\/div>\n<\/td>\n<\/tr>\n<tr>\n<td>\n<div>\n<p>3\/8\u201d<\/p>\n<\/div>\n<\/td>\n<td>\n<div>\n<p>10,00mm<\/p>\n<\/div>\n<\/td>\n<\/tr>\n<tr>\n<td>\n<div>\n<p>1\/2\u201d<\/p>\n<\/div>\n<\/td>\n<td>\n<div>\n<p>12.70mm<\/p>\n<\/div>\n<\/td>\n<\/tr>\n<tr>\n<td>\n<div>\n<p>5\/8\u201d<\/p>\n<\/div>\n<\/td>\n<td>\n<div>\n<p>15.87mm<\/p>\n<\/div>\n<\/td>\n<\/tr>\n<tr>\n<td>\n<div>\n<p>3\/4\u201d<\/p>\n<\/div>\n<\/td>\n<td>\n<div>\n<p>19.05mm<\/p>\n<\/div>\n<\/td>\n<\/tr>\n<tr>\n<td>\n<div>\n<p>7\/8\u201d<\/p>\n<\/div>\n<\/td>\n<td>\n<div>\n<p>22.00mm<\/p>\n<\/div>\n<\/td>\n<\/tr>\n<tr>\n<td>\n<div>\n<p>1\u201d<\/p>\n<\/div>\n<\/td>\n<td>\n<div>\n<p>25.4mm<\/p>\n<\/div>\n<\/td>\n<\/tr>\n<\/tbody>\n<\/table>\n<\/div>\n","protected":false},"excerpt":{"rendered":"<p>A arruela lisa em a\u00e7o inox \u00e9 um componente circular fino utilizado para distribuir a carga de um parafuso ou porca sobre uma superf\u00edcie maior. Sua principal fun\u00e7\u00e3o \u00e9 evitar o afrouxamento imprevisto no aperto do parafuso, al\u00e9m de evitar desgastes e deforma\u00e7\u00f5es das pe\u00e7as que est\u00e3o sendo fixadas. Medidas: Bitola MM 1\/4\u201d 6.30mm 5\/16\u201d 8.00mm 3\/8\u201d 10,00mm 1\/2\u201d 12.70mm 5\/8\u201d 15.87mm 3\/4\u201d 19.05mm 7\/8\u201d 22.00mm 1\u201d 25.4mm<\/p>\n","protected":false},"featured_media":14966,"template":"","meta":{"_joinchat":[]},"product_brand":[],"product_cat":[111],"product_tag":[],"class_list":{"0":"post-1774","1":"product","2":"type-product","3":"status-publish","4":"has-post-thumbnail","6":"product_cat-arruela-inox","8":"first","9":"instock","10":"shipping-taxable","11":"purchasable","12":"product-type-variable"},"_links":{"self":[{"href":"https:\/\/paraferro.com.br\/loja\/wp-json\/wp\/v2\/product\/1774","targetHints":{"allow":["GET"]}}],"collection":[{"href":"https:\/\/paraferro.com.br\/loja\/wp-json\/wp\/v2\/product"}],"about":[{"href":"https:\/\/paraferro.com.br\/loja\/wp-json\/wp\/v2\/types\/product"}],"wp:featuredmedia":[{"embeddable":true,"href":"https:\/\/paraferro.com.br\/loja\/wp-json\/wp\/v2\/media\/14966"}],"wp:attachment":[{"href":"https:\/\/paraferro.com.br\/loja\/wp-json\/wp\/v2\/media?parent=1774"}],"wp:term":[{"taxonomy":"product_brand","embeddable":true,"href":"https:\/\/paraferro.com.br\/loja\/wp-json\/wp\/v2\/product_brand?post=1774"},{"taxonomy":"product_cat","embeddable":true,"href":"https:\/\/paraferro.com.br\/loja\/wp-json\/wp\/v2\/product_cat?post=1774"},{"taxonomy":"product_tag","embeddable":true,"href":"https:\/\/paraferro.com.br\/loja\/wp-json\/wp\/v2\/product_tag?post=1774"}],"curies":[{"name":"wp","href":"https:\/\/api.w.org\/{rel}","templated":true}]}}