{"id":1758,"date":"2019-08-26T10:21:49","date_gmt":"2019-08-26T13:21:49","guid":{"rendered":"http:\/\/paraferro.com.br\/loja\/produto\/barra-rosqueada-inox-7-8-aco-304\/"},"modified":"2025-05-19T08:38:22","modified_gmt":"2025-05-19T11:38:22","slug":"barra-rosqueada-inox","status":"publish","type":"product","link":"https:\/\/paraferro.com.br\/loja\/produto\/barra-rosqueada-inox\/","title":{"rendered":"BARRA ROSQUEADA INOX"},"content":{"rendered":"<p><span class=\"OYPEnA font-feature-liga-off font-feature-clig-off font-feature-calt-off text-decoration-none text-strikethrough-none\">As barras roscadas s\u00e3o pe\u00e7as de fixa\u00e7\u00e3o amplamente utilizadas em obras da constru\u00e7\u00e3o civil e industrial. Por serem feitas em a\u00e7o inox e terem uma estrutura maior, costumam ser uma boa substitui\u00e7\u00e3o dos parafusos. Mas essa n\u00e3o \u00e9 a sua \u00fanica funcionalidade. As Barras Roscadas Inox s\u00e3o ideias para suspens\u00f5es de lumin\u00e1rias, ventiladores, tubula\u00e7\u00f5es hidr\u00e1ulicas, eletrocalhas, instala\u00e7\u00f5es de dutos de refrigera\u00e7\u00e3o, sistemas de fixa\u00e7\u00e3o e ancoragem, entre outros.<\/span><\/p>\n","protected":false},"excerpt":{"rendered":"<p>As barras roscadas s\u00e3o pe\u00e7as de fixa\u00e7\u00e3o amplamente utilizadas em obras da constru\u00e7\u00e3o civil e industrial. Por serem feitas em a\u00e7o inox e terem uma estrutura maior, costumam ser uma boa substitui\u00e7\u00e3o dos parafusos. Mas essa n\u00e3o \u00e9 a sua \u00fanica funcionalidade. As Barras Roscadas Inox s\u00e3o ideias para suspens\u00f5es de lumin\u00e1rias, ventiladores, tubula\u00e7\u00f5es hidr\u00e1ulicas, eletrocalhas, instala\u00e7\u00f5es de dutos de refrigera\u00e7\u00e3o, sistemas de fixa\u00e7\u00e3o e ancoragem, entre outros.<\/p>\n","protected":false},"featured_media":15103,"template":"","meta":{"_joinchat":[]},"product_brand":[],"product_cat":[110],"product_tag":[],"class_list":{"0":"post-1758","1":"product","2":"type-product","3":"status-publish","4":"has-post-thumbnail","6":"product_cat-barra-rosqueada-inox","8":"first","9":"instock","10":"shipping-taxable","11":"purchasable","12":"product-type-variable"},"_links":{"self":[{"href":"https:\/\/paraferro.com.br\/loja\/wp-json\/wp\/v2\/product\/1758","targetHints":{"allow":["GET"]}}],"collection":[{"href":"https:\/\/paraferro.com.br\/loja\/wp-json\/wp\/v2\/product"}],"about":[{"href":"https:\/\/paraferro.com.br\/loja\/wp-json\/wp\/v2\/types\/product"}],"wp:featuredmedia":[{"embeddable":true,"href":"https:\/\/paraferro.com.br\/loja\/wp-json\/wp\/v2\/media\/15103"}],"wp:attachment":[{"href":"https:\/\/paraferro.com.br\/loja\/wp-json\/wp\/v2\/media?parent=1758"}],"wp:term":[{"taxonomy":"product_brand","embeddable":true,"href":"https:\/\/paraferro.com.br\/loja\/wp-json\/wp\/v2\/product_brand?post=1758"},{"taxonomy":"product_cat","embeddable":true,"href":"https:\/\/paraferro.com.br\/loja\/wp-json\/wp\/v2\/product_cat?post=1758"},{"taxonomy":"product_tag","embeddable":true,"href":"https:\/\/paraferro.com.br\/loja\/wp-json\/wp\/v2\/product_tag?post=1758"}],"curies":[{"name":"wp","href":"https:\/\/api.w.org\/{rel}","templated":true}]}}