{"id":1679,"date":"2019-08-26T09:49:45","date_gmt":"2019-08-26T12:49:45","guid":{"rendered":"http:\/\/paraferro.com.br\/loja\/produto\/metalon-retangular-150-x-50-ch-11-300mm\/"},"modified":"2025-07-14T14:31:14","modified_gmt":"2025-07-14T17:31:14","slug":"metalon-retangular","status":"publish","type":"product","link":"https:\/\/paraferro.com.br\/loja\/produto\/metalon-retangular\/","title":{"rendered":"METALON RETANGULAR"},"content":{"rendered":"<p><span class=\"OYPEnA font-feature-liga-off font-feature-clig-off font-feature-calt-off text-decoration-none text-strikethrough-none\">Esses metalons t\u00eam se\u00e7\u00e3o transversal retangular, com lados adjacentes de comprimentos diferentes. Tamb\u00e9m formam \u00e2ngulos retos em todas as interse\u00e7\u00f5es. Os Metalon retangulares s\u00e3o frequentemente empregados em aplica\u00e7\u00f5es que requerem uma maior \u00e1rea de se\u00e7\u00e3o transversal em uma dire\u00e7\u00e3o espec\u00edfica, como constru\u00e7\u00e3o de estruturas retangulares, fabrica\u00e7\u00e3o de port\u00f5es, cercas, corrim\u00e3os, entre outros.<\/span><\/p>\n","protected":false},"excerpt":{"rendered":"<p>Esses metalons t\u00eam se\u00e7\u00e3o transversal retangular, com lados adjacentes de comprimentos diferentes. Tamb\u00e9m formam \u00e2ngulos retos em todas as interse\u00e7\u00f5es. Os Metalon retangulares s\u00e3o frequentemente empregados em aplica\u00e7\u00f5es que requerem uma maior \u00e1rea de se\u00e7\u00e3o transversal em uma dire\u00e7\u00e3o espec\u00edfica, como constru\u00e7\u00e3o de estruturas retangulares, fabrica\u00e7\u00e3o de port\u00f5es, cercas, corrim\u00e3os, entre outros.<\/p>\n","protected":false},"featured_media":16558,"template":"","meta":{"_joinchat":[]},"product_brand":[],"product_cat":[106],"product_tag":[],"class_list":{"0":"post-1679","1":"product","2":"type-product","3":"status-publish","4":"has-post-thumbnail","6":"product_cat-metalon-retangular","8":"first","9":"instock","10":"shipping-taxable","11":"purchasable","12":"product-type-variable","13":"has-default-attributes"},"_links":{"self":[{"href":"https:\/\/paraferro.com.br\/loja\/wp-json\/wp\/v2\/product\/1679","targetHints":{"allow":["GET"]}}],"collection":[{"href":"https:\/\/paraferro.com.br\/loja\/wp-json\/wp\/v2\/product"}],"about":[{"href":"https:\/\/paraferro.com.br\/loja\/wp-json\/wp\/v2\/types\/product"}],"wp:featuredmedia":[{"embeddable":true,"href":"https:\/\/paraferro.com.br\/loja\/wp-json\/wp\/v2\/media\/16558"}],"wp:attachment":[{"href":"https:\/\/paraferro.com.br\/loja\/wp-json\/wp\/v2\/media?parent=1679"}],"wp:term":[{"taxonomy":"product_brand","embeddable":true,"href":"https:\/\/paraferro.com.br\/loja\/wp-json\/wp\/v2\/product_brand?post=1679"},{"taxonomy":"product_cat","embeddable":true,"href":"https:\/\/paraferro.com.br\/loja\/wp-json\/wp\/v2\/product_cat?post=1679"},{"taxonomy":"product_tag","embeddable":true,"href":"https:\/\/paraferro.com.br\/loja\/wp-json\/wp\/v2\/product_tag?post=1679"}],"curies":[{"name":"wp","href":"https:\/\/api.w.org\/{rel}","templated":true}]}}